{"id":50039,"date":"2025-05-15T22:32:38","date_gmt":"2025-05-15T22:32:38","guid":{"rendered":"https:\/\/https:\/\/inser.com.co\/.https:\/\/inser.com.co\/\/?page_id=50039"},"modified":"2025-08-25T19:55:51","modified_gmt":"2025-08-25T19:55:51","slug":"inser-payments","status":"publish","type":"page","link":"https:\/\/www.inser.com.co\/en\/inser-payments\/","title":{"rendered":"Inser  payments"},"content":{"rendered":"\t\t<div data-elementor-type=\"wp-page\" data-elementor-id=\"50039\" class=\"elementor elementor-50039 elementor-39019\">\n\t\t\t\t\t\t<section class=\"elementor-section-with-custom-width elementor-section elementor-top-section elementor-element elementor-element-d716b73 elementor-section-boxed elementor-section-height-default elementor-section-height-default sc_fly_static\" data-id=\"d716b73\" data-element_type=\"section\" data-e-type=\"section\" data-settings=\"{&quot;background_background&quot;:&quot;classic&quot;}\">\n\t\t\t\t\t\t<div class=\"elementor-container elementor-column-gap-extended\">\n\t\t\t\t\t<div class=\"elementor-column elementor-col-50 elementor-top-column elementor-element elementor-element-d5ffaf8 sc_content_align_inherit sc_layouts_column_icons_position_left sc_fly_static\" data-id=\"d5ffaf8\" data-element_type=\"column\" data-e-type=\"column\">\n\t\t\t<div class=\"elementor-widget-wrap elementor-element-populated\">\n\t\t\t\t\t\t<div class=\"elementor-element elementor-element-a390a62 sc_fly_static elementor-widget elementor-widget-spacer\" data-id=\"a390a62\" data-element_type=\"widget\" data-e-type=\"widget\" data-widget_type=\"spacer.default\">\n\t\t\t\t\t\t\t<div class=\"elementor-spacer\">\n\t\t\t<div class=\"elementor-spacer-inner\"><\/div>\n\t\t<\/div>\n\t\t\t\t\t\t<\/div>\n\t\t\t\t<div class=\"elementor-element elementor-element-3e11de0 sc_fly_static elementor-widget elementor-widget-trx_sc_contact_form_7\" data-id=\"3e11de0\" data-element_type=\"widget\" data-e-type=\"widget\" data-widget_type=\"trx_sc_contact_form_7.default\">\n\t\t\t\t<div class=\"elementor-widget-container\">\n\t\t\t\t\t\n<div class=\"wpcf7 no-js\" id=\"wpcf7-f40500-o1\" lang=\"es-ES\" dir=\"ltr\" data-wpcf7-id=\"40500\">\n<div class=\"screen-reader-response\"><p role=\"status\" aria-live=\"polite\" aria-atomic=\"true\"><\/p> <ul><\/ul><\/div>\n<form action=\"\/en\/wp-json\/wp\/v2\/pages\/50039#wpcf7-f40500-o1\" method=\"post\" class=\"wpcf7-form init\" aria-label=\"Formulario de contacto\" novalidate=\"novalidate\" data-status=\"init\">\n<fieldset class=\"hidden-fields-container\"><input type=\"hidden\" name=\"_wpcf7\" value=\"40500\" \/><input type=\"hidden\" name=\"_wpcf7_version\" value=\"6.1.5\" \/><input type=\"hidden\" name=\"_wpcf7_locale\" value=\"es_ES\" \/><input type=\"hidden\" name=\"_wpcf7_unit_tag\" value=\"wpcf7-f40500-o1\" \/><input type=\"hidden\" name=\"_wpcf7_container_post\" value=\"0\" \/><input type=\"hidden\" name=\"_wpcf7_posted_data_hash\" value=\"\" \/><input type=\"hidden\" name=\"_wpcf7_recaptcha_response\" value=\"\" \/>\n<\/fieldset>\n<div class=\"form-style-4\">\n\t<div class=\"columns_wrap margin-bottom\">\n\t\t<div class=\"column-1_1\">\n\t\t\t<p><strong>Selecciona una opci\u00f3n para tu pago<\/strong>\n\t\t\t<\/p>\n\t\t<\/div>\n\t<\/div>\n\t<div class=\"columns_wrap margin-bottom\">\n\t\t<div class=\"column-1_1\">\n\t\t\t<p><span class=\"style-icon icon-textarea\"><span class=\"wpcf7-form-control-wrap\" data-name=\"select-701\"><select class=\"wpcf7-form-control wpcf7-select wpcf7-validates-as-required\" aria-required=\"true\" aria-invalid=\"false\" name=\"select-701\"><option value=\"ELIGE UNA OPCI\u00d3N\">ELIGE UNA OPCI\u00d3N<\/option><option value=\"INSER MEDELL\u00cdN\">INSER MEDELL\u00cdN<\/option><option value=\"INSER BOGOT\u00c1\">INSER BOGOT\u00c1<\/option><option value=\"INSER BARRANQUILLA\">INSER BARRANQUILLA<\/option><option value=\"INSER EJE CAFETERO - PEREIRA\">INSER EJE CAFETERO - PEREIRA<\/option><option value=\"INSER CARTAGENA\">INSER CARTAGENA<\/option><\/select><\/span><\/span>\n\t\t\t<\/p>\n\t\t<\/div>\n\t<\/div>\n\t<p><span class=\"wpcf7-form-control-wrap\" data-name=\"acceptance\"><span class=\"wpcf7-form-control wpcf7-acceptance\"><span class=\"wpcf7-list-item\"><label><input type=\"checkbox\" name=\"acceptance\" value=\"1\" aria-invalid=\"false\" \/><span class=\"wpcf7-list-item-label\">He le\u00eddo y acepto la \n<a href=\"\/transparencia-y-regulacion\/\" target=\"_blank\" rel=\"noopener noreferrer\">Pol\u00edtica de privacidad.<\/a><\/span><\/label><\/span><\/span><\/span><br \/>\n<input class=\"wpcf7-form-control wpcf7-submit has-spinner\" type=\"submit\" value=\"Pagar\" \/>\n\t<\/p>\n<\/div><div class=\"wpcf7-response-output\" aria-hidden=\"true\"><\/div>\n<\/form>\n<\/div>\n\t\t\t\t<\/div>\n\t\t\t\t<\/div>\n\t\t\t\t\t<\/div>\n\t\t<\/div>\n\t\t\t\t<div class=\"elementor-column elementor-col-50 elementor-top-column elementor-element elementor-element-4d3f120 sc_column_fixed sc_content_align_inherit sc_layouts_column_icons_position_left sc_fly_static\" data-id=\"4d3f120\" data-element_type=\"column\" data-e-type=\"column\">\n\t\t\t<div class=\"elementor-widget-wrap elementor-element-populated\">\n\t\t\t\t\t\t<div class=\"elementor-element elementor-element-72d00bd sc_layouts_hide_on_mobile sc_fly_static elementor-widget elementor-widget-spacer\" data-id=\"72d00bd\" data-element_type=\"widget\" data-e-type=\"widget\" data-widget_type=\"spacer.default\">\n\t\t\t\t\t\t\t<div class=\"elementor-spacer\">\n\t\t\t<div class=\"elementor-spacer-inner\"><\/div>\n\t\t<\/div>\n\t\t\t\t\t\t<\/div>\n\t\t\t\t<div class=\"elementor-element elementor-element-61bfc4b sc_fly_static elementor-widget elementor-widget-trx_sc_title\" data-id=\"61bfc4b\" data-element_type=\"widget\" data-e-type=\"widget\" data-widget_type=\"trx_sc_title.default\">\n\t\t\t\t<div class=\"elementor-widget-container\">\n\t\t\t\t\t<div\t\tclass=\"sc_title sc_title_default\" ><h1 class=\"sc_item_title sc_title_title sc_item_title_style_default sc_item_title_tag\"\n\t\t\t><span class=\"sc_item_title_text\">Make your payment <span style=\"color: #00a6ce;\">online! <\/span><\/span><\/h1><\/div>\t\t\t\t<\/div>\n\t\t\t\t<\/div>\n\t\t\t\t<div class=\"elementor-element elementor-element-2984860 sc_layouts_hide_on_mobile sc_fly_static elementor-widget elementor-widget-spacer\" data-id=\"2984860\" data-element_type=\"widget\" data-e-type=\"widget\" data-widget_type=\"spacer.default\">\n\t\t\t\t\t\t\t<div class=\"elementor-spacer\">\n\t\t\t<div class=\"elementor-spacer-inner\"><\/div>\n\t\t<\/div>\n\t\t\t\t\t\t<\/div>\n\t\t\t\t<div class=\"elementor-element elementor-element-4b566ff sc_fly_static elementor-widget elementor-widget-trx_sc_button\" data-id=\"4b566ff\" data-element_type=\"widget\" data-e-type=\"widget\" data-widget_type=\"trx_sc_button.default\">\n\t\t\t\t<div class=\"elementor-widget-container\">\n\t\t\t\t\t<div\tclass=\"sc_item_button sc_button_wrap sc_button_multiple\" ><a href=\"https:\/\/https:\/\/inser.com.co\/.https:\/\/inser.com.co\/\/wp-content\/uploads\/2025\/06\/Pasoa-paso-pago-con-cuenta-ah-o-cte-Espanol.pdf\" class=\"sc_button sc_button_veil sc_button_multiple_item sc_button_size_normal sc_button_icon_left\" ><span class=\"sc_button_text\"><span class=\"sc_button_title\">Step-by-step payment with bank account<\/span><\/span><\/a><a href=\"https:\/\/https:\/\/inser.com.co\/.https:\/\/inser.com.co\/\/wp-content\/uploads\/2025\/06\/Paso-a-paso-pago-con-tarjeta-de-credito-Espanol.pdf\" class=\"sc_button sc_button_default sc_button_multiple_item sc_button_size_normal sc_button_icon_left\" ><span class=\"sc_button_text\"><span class=\"sc_button_title\">Step-by-step credit card payment<\/span><\/span><\/a><\/div>\t\t\t\t<\/div>\n\t\t\t\t<\/div>\n\t\t\t\t\t<\/div>\n\t\t<\/div>\n\t\t\t\t\t<\/div>\n\t\t<\/section>\n\t\t\t\t<section class=\"elementor-section-with-custom-width elementor-section elementor-top-section elementor-element elementor-element-0f7c579 elementor-section-boxed elementor-section-height-default elementor-section-height-default sc_fly_static\" data-id=\"0f7c579\" data-element_type=\"section\" data-e-type=\"section\">\n\t\t\t\t\t\t<div class=\"elementor-container elementor-column-gap-extended\">\n\t\t\t\t\t<div class=\"elementor-column elementor-col-50 elementor-top-column elementor-element elementor-element-b102ed5 sc_column_fixed sc_content_align_inherit sc_layouts_column_icons_position_left sc_fly_static\" data-id=\"b102ed5\" data-element_type=\"column\" data-e-type=\"column\">\n\t\t\t<div class=\"elementor-widget-wrap elementor-element-populated\">\n\t\t\t\t\t\t<div class=\"elementor-element elementor-element-be54e80 sc_layouts_hide_on_mobile sc_fly_static elementor-widget elementor-widget-spacer\" data-id=\"be54e80\" data-element_type=\"widget\" data-e-type=\"widget\" data-widget_type=\"spacer.default\">\n\t\t\t\t\t\t\t<div class=\"elementor-spacer\">\n\t\t\t<div class=\"elementor-spacer-inner\"><\/div>\n\t\t<\/div>\n\t\t\t\t\t\t<\/div>\n\t\t\t\t<div class=\"elementor-element elementor-element-84874f1 sc_fly_static elementor-widget elementor-widget-trx_sc_title\" data-id=\"84874f1\" data-element_type=\"widget\" data-e-type=\"widget\" data-widget_type=\"trx_sc_title.default\">\n\t\t\t\t<div class=\"elementor-widget-container\">\n\t\t\t\t\t<div\t\tclass=\"sc_title sc_title_default\" ><span class=\"sc_item_subtitle sc_title_subtitle sc_item_subtitle_above sc_item_title_style_default\">En Inser<\/span><h1 class=\"sc_item_title sc_title_title sc_item_title_style_default sc_item_title_tag\"\n\t\t\t><span class=\"sc_item_title_text\">We think about your <span style=\"color: #00a6ce\">comfort and ease<\/span><\/h1><div class=\"sc_item_descr sc_title_descr\"><p>We have online payment platforms that allow you to pay for your consultations, treatments, and medications without having to go to a bank or our offices.<\/p>\n<\/div><\/div>\t\t\t\t<\/div>\n\t\t\t\t<\/div>\n\t\t\t\t\t<\/div>\n\t\t<\/div>\n\t\t\t\t<div class=\"elementor-column elementor-col-50 elementor-top-column elementor-element elementor-element-0e18846 sc_content_align_inherit sc_layouts_column_icons_position_left sc_fly_static\" data-id=\"0e18846\" data-element_type=\"column\" data-e-type=\"column\">\n\t\t\t<div class=\"elementor-widget-wrap elementor-element-populated\">\n\t\t\t\t\t\t<div class=\"elementor-element elementor-element-677e61d sc_fly_static elementor-widget elementor-widget-spacer\" data-id=\"677e61d\" data-element_type=\"widget\" data-e-type=\"widget\" data-widget_type=\"spacer.default\">\n\t\t\t\t\t\t\t<div class=\"elementor-spacer\">\n\t\t\t<div class=\"elementor-spacer-inner\"><\/div>\n\t\t<\/div>\n\t\t\t\t\t\t<\/div>\n\t\t\t\t<div class=\"elementor-element elementor-element-0b684ac elementor-widget-divider--view-line sc_fly_static elementor-widget elementor-widget-divider\" data-id=\"0b684ac\" data-element_type=\"widget\" data-e-type=\"widget\" data-widget_type=\"divider.default\">\n\t\t\t\t\t\t\t<div class=\"elementor-divider\">\n\t\t\t<span class=\"elementor-divider-separator\">\n\t\t\t\t\t\t<\/span>\n\t\t<\/div>\n\t\t\t\t\t\t<\/div>\n\t\t\t\t<div class=\"elementor-element elementor-element-90b825f sc_fly_static elementor-widget elementor-widget-toggle\" data-id=\"90b825f\" data-element_type=\"widget\" data-e-type=\"widget\" data-widget_type=\"toggle.default\">\n\t\t\t\t\t\t\t<div class=\"elementor-toggle\">\n\t\t\t\t\t\t\t<div class=\"elementor-toggle-item\">\n\t\t\t\t\t<h5 id=\"elementor-tab-title-1511\" class=\"elementor-tab-title\" data-tab=\"1\" role=\"button\" aria-controls=\"elementor-tab-content-1511\" aria-expanded=\"false\">\n\t\t\t\t\t\t\t\t\t\t\t\t<span class=\"elementor-toggle-icon elementor-toggle-icon-right\" aria-hidden=\"true\">\n\t\t\t\t\t\t\t\t\t\t\t\t\t\t\t<span class=\"elementor-toggle-icon-closed\"><svg xmlns=\"http:\/\/www.w3.org\/2000\/svg\" xmlns:xlink=\"http:\/\/www.w3.org\/1999\/xlink\" x=\"0px\" y=\"0px\" viewBox=\"0 0 14.6 14.5\" style=\"enable-background:new 0 0 14.6 14.5;\" xml:space=\"preserve\"><path d=\"M12.2,7.3l-7.1,7.1c-0.3,0.3-0.8,0.3-1.1,0c0,0,0,0,0,0c-0.3-0.3-0.3-0.8,0-1.1 c0,0,0,0,0,0l6-6l-6-6C3.8,0.9,3.8,0.5,4,0.2c0,0,0,0,0,0c0.3-0.3,0.8-0.3,1.1,0c0,0,0,0,0,0L12.2,7.3z\"><\/path><\/svg><\/span>\n\t\t\t\t\t\t\t\t<span class=\"elementor-toggle-icon-opened\"><svg xmlns=\"http:\/\/www.w3.org\/2000\/svg\" xmlns:xlink=\"http:\/\/www.w3.org\/1999\/xlink\" x=\"0px\" y=\"0px\" viewBox=\"0 0 14.6 14.5\" style=\"enable-background:new 0 0 14.6 14.5;\" xml:space=\"preserve\"><path d=\"M7.3,11.6L0.2,4.5c-0.3-0.3-0.3-0.8,0-1.1c0,0,0,0,0,0c0.3-0.3,0.8-0.3,1.1,0 c0,0,0,0,0,0l6,6l6-6c0.3-0.3,0.8-0.3,1.1,0c0,0,0,0,0,0c0.3,0.3,0.3,0.8,0,1.1c0,0,0,0,0,0L7.3,11.6z\"><\/path><\/svg><\/span>\n\t\t\t\t\t\t\t\t\t\t\t\t\t<\/span>\n\t\t\t\t\t\t\t\t\t\t\t\t<a class=\"elementor-toggle-title\" tabindex=\"0\">What should you keep in mind if you make your payment from Colombia?<\/a>\n\t\t\t\t\t<\/h5>\n\n\t\t\t\t\t<div id=\"elementor-tab-content-1511\" class=\"elementor-tab-content elementor-clearfix\" data-tab=\"1\" role=\"region\" aria-labelledby=\"elementor-tab-title-1511\"><p>1. Payment will be made through PSE (Spanish Social Security Administration), so you must be registered on the platform. If you aren&#8217;t already, you can do so <a href=\"https:\/\/registro.pse.com.co\/PSEUserRegister\/\" target=\"_blank\" rel=\"noopener\">here.<\/a><\/p><p>2. Initially, select the INSER office where you are seeking medical attention and making the payment using the button below. *If your appointment is in Manizales, please select INSER Eje Cafetero (Coffee-Area Office).<\/p><p>3. When you enter the payment platform, please fill in the requested information. In the CONCEPT, AMOUNT TO PAY, and SPECIALIST fields, please take into account the information shared by our staff.<\/p><p>4. At the end of the process, please take a screenshot of the payment approval (this can be the notification email or the bank&#8217;s website) and send it to our staff. This step is essential to confirm the payment has been received.<\/p><\/div>\n\t\t\t\t<\/div>\n\t\t\t\t\t\t\t<div class=\"elementor-toggle-item\">\n\t\t\t\t\t<h5 id=\"elementor-tab-title-1512\" class=\"elementor-tab-title\" data-tab=\"2\" role=\"button\" aria-controls=\"elementor-tab-content-1512\" aria-expanded=\"false\">\n\t\t\t\t\t\t\t\t\t\t\t\t<span class=\"elementor-toggle-icon elementor-toggle-icon-right\" aria-hidden=\"true\">\n\t\t\t\t\t\t\t\t\t\t\t\t\t\t\t<span class=\"elementor-toggle-icon-closed\"><svg xmlns=\"http:\/\/www.w3.org\/2000\/svg\" xmlns:xlink=\"http:\/\/www.w3.org\/1999\/xlink\" x=\"0px\" y=\"0px\" viewBox=\"0 0 14.6 14.5\" style=\"enable-background:new 0 0 14.6 14.5;\" xml:space=\"preserve\"><path d=\"M12.2,7.3l-7.1,7.1c-0.3,0.3-0.8,0.3-1.1,0c0,0,0,0,0,0c-0.3-0.3-0.3-0.8,0-1.1 c0,0,0,0,0,0l6-6l-6-6C3.8,0.9,3.8,0.5,4,0.2c0,0,0,0,0,0c0.3-0.3,0.8-0.3,1.1,0c0,0,0,0,0,0L12.2,7.3z\"><\/path><\/svg><\/span>\n\t\t\t\t\t\t\t\t<span class=\"elementor-toggle-icon-opened\"><svg xmlns=\"http:\/\/www.w3.org\/2000\/svg\" xmlns:xlink=\"http:\/\/www.w3.org\/1999\/xlink\" x=\"0px\" y=\"0px\" viewBox=\"0 0 14.6 14.5\" style=\"enable-background:new 0 0 14.6 14.5;\" xml:space=\"preserve\"><path d=\"M7.3,11.6L0.2,4.5c-0.3-0.3-0.3-0.8,0-1.1c0,0,0,0,0,0c0.3-0.3,0.8-0.3,1.1,0 c0,0,0,0,0,0l6,6l6-6c0.3-0.3,0.8-0.3,1.1,0c0,0,0,0,0,0c0.3,0.3,0.3,0.8,0,1.1c0,0,0,0,0,0L7.3,11.6z\"><\/path><\/svg><\/span>\n\t\t\t\t\t\t\t\t\t\t\t\t\t<\/span>\n\t\t\t\t\t\t\t\t\t\t\t\t<a class=\"elementor-toggle-title\" tabindex=\"0\">What should you keep in mind if you make your payment from abroad (outside of Colombia)?<\/a>\n\t\t\t\t\t<\/h5>\n\n\t\t\t\t\t<div id=\"elementor-tab-content-1512\" class=\"elementor-tab-content elementor-clearfix\" data-tab=\"2\" role=\"region\" aria-labelledby=\"elementor-tab-title-1512\"><p>If you are an international patient (living outside of Colombia), consider the following aspects before making your payment:<\/p><p>1. Contact your bank to find out the representative market rate (TRM) used to convert the currency to your country of residence. This will determine the total purchase value.<\/p><p>2. Before making a purchase abroad or online, contact your bank to learn about rates, fees, and other additional costs.<\/p><p>3. It is recommended that you check your bank&#8217;s terms and conditions with your savings, checking, or credit card account before making Online Payments. Keep in mind that paying through PSE will avoid cashier&#8217;s check issuance fees.<\/p><p>4. If you are making your payment by international transfer, keep in mind that these transactions are irreversible. Please verify all information before completing the process. Remember to contact your bank to learn about the rates and fees associated with international transfers to guarantee the full amount sent.<\/p><p>5. Remember to notify your bank that you will be traveling abroad so they can authorize your card payments.<\/p><\/div>\n\t\t\t\t<\/div>\n\t\t\t\t\t\t\t<div class=\"elementor-toggle-item\">\n\t\t\t\t\t<h5 id=\"elementor-tab-title-1513\" class=\"elementor-tab-title\" data-tab=\"3\" role=\"button\" aria-controls=\"elementor-tab-content-1513\" aria-expanded=\"false\">\n\t\t\t\t\t\t\t\t\t\t\t\t<span class=\"elementor-toggle-icon elementor-toggle-icon-right\" aria-hidden=\"true\">\n\t\t\t\t\t\t\t\t\t\t\t\t\t\t\t<span class=\"elementor-toggle-icon-closed\"><svg xmlns=\"http:\/\/www.w3.org\/2000\/svg\" xmlns:xlink=\"http:\/\/www.w3.org\/1999\/xlink\" x=\"0px\" y=\"0px\" viewBox=\"0 0 14.6 14.5\" style=\"enable-background:new 0 0 14.6 14.5;\" xml:space=\"preserve\"><path d=\"M12.2,7.3l-7.1,7.1c-0.3,0.3-0.8,0.3-1.1,0c0,0,0,0,0,0c-0.3-0.3-0.3-0.8,0-1.1 c0,0,0,0,0,0l6-6l-6-6C3.8,0.9,3.8,0.5,4,0.2c0,0,0,0,0,0c0.3-0.3,0.8-0.3,1.1,0c0,0,0,0,0,0L12.2,7.3z\"><\/path><\/svg><\/span>\n\t\t\t\t\t\t\t\t<span class=\"elementor-toggle-icon-opened\"><svg xmlns=\"http:\/\/www.w3.org\/2000\/svg\" xmlns:xlink=\"http:\/\/www.w3.org\/1999\/xlink\" x=\"0px\" y=\"0px\" viewBox=\"0 0 14.6 14.5\" style=\"enable-background:new 0 0 14.6 14.5;\" xml:space=\"preserve\"><path d=\"M7.3,11.6L0.2,4.5c-0.3-0.3-0.3-0.8,0-1.1c0,0,0,0,0,0c0.3-0.3,0.8-0.3,1.1,0 c0,0,0,0,0,0l6,6l6-6c0.3-0.3,0.8-0.3,1.1,0c0,0,0,0,0,0c0.3,0.3,0.3,0.8,0,1.1c0,0,0,0,0,0L7.3,11.6z\"><\/path><\/svg><\/span>\n\t\t\t\t\t\t\t\t\t\t\t\t\t<\/span>\n\t\t\t\t\t\t\t\t\t\t\t\t<a class=\"elementor-toggle-title\" tabindex=\"0\">Before making payments using the online payment service (PSE), keep in mind:<\/a>\n\t\t\t\t\t<\/h5>\n\n\t\t\t\t\t<div id=\"elementor-tab-content-1513\" class=\"elementor-tab-content elementor-clearfix\" data-tab=\"3\" role=\"region\" aria-labelledby=\"elementor-tab-title-1513\"><p>1. Always make your online payments on secure devices, such as your personal computer at home or at the office.<\/p><p>2. Refrain from using your bank passwords in public places such as internet cafes or on shared computers.<\/p><p>3. If you decide to continue with this process, please certify that you comply with the aforementioned conditions and recommendations.<\/p><p>4. The INSER Group will not be liable for the misuse of this service. Users are responsible for maintaining the confidentiality of their passwords or other credentials issued by banking institutions for online transactions.<\/p><\/div>\n\t\t\t\t<\/div>\n\t\t\t\t\t\t\t\t<\/div>\n\t\t\t\t\t\t<\/div>\n\t\t\t\t\t<\/div>\n\t\t<\/div>\n\t\t\t\t\t<\/div>\n\t\t<\/section>\n\t\t\t\t<\/div>\n\t\t","protected":false},"excerpt":{"rendered":"<p>Selecciona una opci\u00f3n para tu pago ELIGE UNA SEDEINSER MEDELL\u00cdNINSER BOGOT\u00c1INSER BARRANQUILLAINSER EJE CAFETERO &#8211; PEREIRAINSER CARTAGENA He le\u00eddo y acepto la Pol\u00edtica de Privacidad. Make your payment online! Step-by-step&hellip;<\/p>\n","protected":false},"author":1,"featured_media":0,"parent":0,"menu_order":0,"comment_status":"closed","ping_status":"closed","template":"","meta":{"_acf_changed":false,"_joinchat":[],"footnotes":""},"class_list":["post-50039","page","type-page","status-publish","hentry"],"acf":[],"_links":{"self":[{"href":"https:\/\/www.inser.com.co\/en\/wp-json\/wp\/v2\/pages\/50039","targetHints":{"allow":["GET"]}}],"collection":[{"href":"https:\/\/www.inser.com.co\/en\/wp-json\/wp\/v2\/pages"}],"about":[{"href":"https:\/\/www.inser.com.co\/en\/wp-json\/wp\/v2\/types\/page"}],"author":[{"embeddable":true,"href":"https:\/\/www.inser.com.co\/en\/wp-json\/wp\/v2\/users\/1"}],"replies":[{"embeddable":true,"href":"https:\/\/www.inser.com.co\/en\/wp-json\/wp\/v2\/comments?post=50039"}],"version-history":[{"count":0,"href":"https:\/\/www.inser.com.co\/en\/wp-json\/wp\/v2\/pages\/50039\/revisions"}],"wp:attachment":[{"href":"https:\/\/www.inser.com.co\/en\/wp-json\/wp\/v2\/media?parent=50039"}],"curies":[{"name":"wp","href":"https:\/\/api.w.org\/{rel}","templated":true}]}}