{"id":57450,"date":"2025-08-10T22:53:58","date_gmt":"2025-08-10T22:53:58","guid":{"rendered":"https:\/\/www.inser.com.co\/diagnostic-complet\/"},"modified":"2025-09-09T22:20:39","modified_gmt":"2025-09-09T22:20:39","slug":"diagnostic-complet","status":"publish","type":"page","link":"https:\/\/www.inser.com.co\/fr\/diagnostic-complet\/","title":{"rendered":"Diagnostic complet"},"content":{"rendered":"\t\t<div data-elementor-type=\"wp-page\" data-elementor-id=\"57450\" class=\"elementor elementor-57450 elementor-51311\">\n\t\t\t\t\t\t<section class=\"elementor-section-with-custom-width elementor-section elementor-top-section elementor-element elementor-element-7869768 scheme_dark elementor-section-height-full elementor-section-full_width elementor-section-height-default elementor-section-items-middle sc_fly_static\" data-id=\"7869768\" data-element_type=\"section\" data-e-type=\"section\" data-settings=\"{&quot;background_background&quot;:&quot;classic&quot;}\">\n\t\t\t\t\t\t\t<div class=\"elementor-background-overlay\"><\/div>\n\t\t\t\t\t\t\t<div class=\"elementor-container elementor-column-gap-no\">\n\t\t\t\t\t<div class=\"elementor-column elementor-col-100 elementor-top-column elementor-element elementor-element-b7a337a sc_inner_width_none sc_content_align_inherit sc_layouts_column_icons_position_left sc_fly_static\" data-id=\"b7a337a\" data-element_type=\"column\" data-e-type=\"column\">\n\t\t\t<div class=\"elementor-widget-wrap elementor-element-populated\">\n\t\t\t\t\t\t<div class=\"elementor-element elementor-element-d051bc3 sc_fly_static elementor-widget elementor-widget-spacer\" data-id=\"d051bc3\" data-element_type=\"widget\" data-e-type=\"widget\" data-widget_type=\"spacer.default\">\n\t\t\t\t\t\t\t<div class=\"elementor-spacer\">\n\t\t\t<div class=\"elementor-spacer-inner\"><\/div>\n\t\t<\/div>\n\t\t\t\t\t\t<\/div>\n\t\t\t\t<section class=\"elementor-section-with-custom-width elementor-section elementor-inner-section elementor-element elementor-element-875101c elementor-section-content-middle elementor-section-boxed elementor-section-height-default elementor-section-height-default sc_fly_static\" data-id=\"875101c\" data-element_type=\"section\" data-e-type=\"section\">\n\t\t\t\t\t\t<div class=\"elementor-container elementor-column-gap-no\">\n\t\t\t\t\t<div class=\"elementor-column elementor-col-66 elementor-inner-column elementor-element elementor-element-3e0442d sc_content_align_inherit sc_layouts_column_icons_position_left sc_fly_static\" data-id=\"3e0442d\" data-element_type=\"column\" data-e-type=\"column\">\n\t\t\t<div class=\"elementor-widget-wrap elementor-element-populated\">\n\t\t\t\t\t\t<div class=\"elementor-element elementor-element-0e34176 elementor-widget__width-initial sc_fly_static elementor-widget elementor-widget-trx_sc_title\" data-id=\"0e34176\" data-element_type=\"widget\" data-e-type=\"widget\" data-widget_type=\"trx_sc_title.default\">\n\t\t\t\t<div class=\"elementor-widget-container\">\n\t\t\t\t\t<div\t\tclass=\"sc_title sc_title_default\" ><h1 class=\"sc_item_title sc_title_title sc_item_title_style_default sc_item_title_tag\"\n\t\t\t><span class=\"sc_item_title_text\">\u00c0 quoi s\u2019attendre lors de votre \u00e9valuation de fertilit\u00e9 ?<\/span><\/h1><\/div>\t\t\t\t<\/div>\n\t\t\t\t<\/div>\n\t\t\t\t\t<\/div>\n\t\t<\/div>\n\t\t\t\t<div class=\"elementor-column elementor-col-33 elementor-inner-column elementor-element elementor-element-53d3fac sc_content_align_inherit sc_layouts_column_icons_position_left sc_fly_static\" data-id=\"53d3fac\" data-element_type=\"column\" data-e-type=\"column\">\n\t\t\t<div class=\"elementor-widget-wrap\">\n\t\t\t\t\t\t\t<\/div>\n\t\t<\/div>\n\t\t\t\t\t<\/div>\n\t\t<\/section>\n\t\t\t\t<div class=\"elementor-element elementor-element-4885d02 sc_fly_static elementor-widget elementor-widget-spacer\" data-id=\"4885d02\" data-element_type=\"widget\" data-e-type=\"widget\" data-widget_type=\"spacer.default\">\n\t\t\t\t\t\t\t<div class=\"elementor-spacer\">\n\t\t\t<div class=\"elementor-spacer-inner\"><\/div>\n\t\t<\/div>\n\t\t\t\t\t\t<\/div>\n\t\t\t\t<div class=\"elementor-element elementor-element-37e9ec5 sc_fly_static elementor-widget elementor-widget-spacer\" data-id=\"37e9ec5\" data-element_type=\"widget\" data-e-type=\"widget\" data-widget_type=\"spacer.default\">\n\t\t\t\t\t\t\t<div class=\"elementor-spacer\">\n\t\t\t<div class=\"elementor-spacer-inner\"><\/div>\n\t\t<\/div>\n\t\t\t\t\t\t<\/div>\n\t\t\t\t\t<\/div>\n\t\t<\/div>\n\t\t\t\t\t<\/div>\n\t\t<\/section>\n\t\t<div class=\"e-con-with-custom-width e-con-gap-no elementor-element elementor-element-41430ae e-con-full e-flex sc_layouts_column_icons_position_left e-con e-parent\" data-id=\"41430ae\" data-element_type=\"container\" data-e-type=\"container\">\n\t\t<div class=\"elementor-element elementor-element-d9cde62 sc_column_fixed e-flex e-con-boxed sc_layouts_column_icons_position_left e-con e-child\" data-id=\"d9cde62\" data-element_type=\"container\" data-e-type=\"container\">\n\t\t\t\t\t<div class=\"e-con-inner\">\n\t\t\t\t<div class=\"elementor-element elementor-element-51d6e99 elementor-widget__width-initial sc_fly_static elementor-widget elementor-widget-trx_sc_title\" data-id=\"51d6e99\" data-element_type=\"widget\" data-e-type=\"widget\" data-widget_type=\"trx_sc_title.default\">\n\t\t\t\t<div class=\"elementor-widget-container\">\n\t\t\t\t\t<div\t\tclass=\"sc_title sc_title_default\" ><h2 class=\"sc_item_title sc_title_title sc_item_title_style_default sc_item_title_tag\"\n\t\t\t><span class=\"sc_item_title_text\">Notre processus d\u2019\u00e9valuation est exhaustif<\/span><\/h2><\/div>\t\t\t\t<\/div>\n\t\t\t\t<\/div>\n\t\t\t\t<div class=\"elementor-element elementor-element-8e9d4a0 elementor-widget__width-initial sc_fly_static elementor-widget elementor-widget-text-editor\" data-id=\"8e9d4a0\" data-element_type=\"widget\" data-e-type=\"widget\" data-widget_type=\"text-editor.default\">\n\t\t\t\t\t\t\t\t\t<p>et adapt\u00e9 aux besoins de chaque personne ou couple. Nous \u00e9valuons tous les aspects de votre sant\u00e9 reproductive. <\/p>\t\t\t\t\t\t\t\t<\/div>\n\t\t\t\t<div class=\"elementor-element elementor-element-71a1257 sc_fly_static elementor-widget elementor-widget-trx_sc_button\" data-id=\"71a1257\" data-element_type=\"widget\" data-e-type=\"widget\" data-widget_type=\"trx_sc_button.default\">\n\t\t\t\t<div class=\"elementor-widget-container\">\n\t\t\t\t\t<div\tclass=\"sc_item_button sc_button_wrap\" ><a href=\"https:\/\/wa.link\/q164d8%20\" class=\"sc_button sc_button_veil sc_button_size_normal sc_button_icon_left\" target=\"_blank\" ><span class=\"sc_button_text\"><span class=\"sc_button_title\">Planifier une consultation<\/span><\/span><\/a><\/div>\t\t\t\t<\/div>\n\t\t\t\t<\/div>\n\t\t\t\t\t<\/div>\n\t\t\t\t<\/div>\n\t\t<div class=\"elementor-element elementor-element-3e79777 e-flex e-con-boxed sc_layouts_column_icons_position_left e-con e-child\" data-id=\"3e79777\" data-element_type=\"container\" data-e-type=\"container\">\n\t\t\t\t\t<div class=\"e-con-inner\">\n\t\t\t\t<div data-animation-type=\"sequental\" data-animation-stagger=\"\" class=\"elementor-element elementor-element-a3cc752 animated-slow animation_type_sequental paso-a-paso sc_fly_static elementor-invisible elementor-widget elementor-widget-trx_sc_services\" data-id=\"a3cc752\" data-element_type=\"widget\" data-e-type=\"widget\" data-settings=\"{&quot;_animation_delay&quot;:600,&quot;_animation&quot;:&quot;fadeInUp&quot;}\" data-widget_type=\"trx_sc_services.default\">\n\t\t\t\t<div class=\"elementor-widget-container\">\n\t\t\t\t\t<div class=\"sc_services sc_services_qw-nodes sc_services_featured_left\"><div class=\"sc_services_content sc_item_content sc_item_posts_container sc_item_columns_1\"><div data-post-id=\"58861\" class=\"sc_services_item sc_item_container post_container no_links with_content with_pictogram sc_services_item_featured_left post-58861 cpt_services type-cpt_services status-publish hentry cpt_services_group-diagnostic-complet\"><div class=\"sc_services_item_timeline\"><\/div><span class=\"sc_services_item_marker sc_services_item_pictogram\"><img decoding=\"async\" src=\"https:\/\/inser.com.co\/wp-content\/uploads\/2025\/08\/icono-historial-medico.svg\" alt=\"Icon\"><\/span>\t\n\t<div class=\"sc_services_item_info\">\n\t\t\t\t<div class=\"sc_services_item_header\">\n\t\t\t\t\t\t<h4 class=\"sc_services_item_title entry-title\">Ant\u00e9c\u00e9dents m\u00e9dicaux<\/h4><\/div><div class=\"sc_services_item_text\"><p>Nous comprenons vos ant\u00e9c\u00e9dents reproductifs, vos ant\u00e9c\u00e9dents familiaux et votre mode de vie afin de mieux vous conna\u00eetre et d\u2019avoir un diagnostic plus d\u00e9taill\u00e9.<\/p>\n<\/div><\/div>\n<\/div><div data-post-id=\"58869\" class=\"sc_services_item sc_item_container post_container no_links with_content with_pictogram sc_services_item_featured_left post-58869 cpt_services type-cpt_services status-publish hentry cpt_services_group-diagnostic-complet\"><div class=\"sc_services_item_timeline\"><\/div><span class=\"sc_services_item_marker sc_services_item_pictogram\"><img decoding=\"async\" src=\"https:\/\/inser.com.co\/wp-content\/uploads\/2025\/08\/Recurso-7.svg\" alt=\"Icon\"><\/span>\t\n\t<div class=\"sc_services_item_info\">\n\t\t\t\t<div class=\"sc_services_item_header\">\n\t\t\t\t\t\t<h4 class=\"sc_services_item_title entry-title\">\u00c9chographie transvaginale<\/h4><\/div><div class=\"sc_services_item_text\"><p>L\u2019endroit o\u00f9 l\u2019ut\u00e9rus et les ovaires sont \u00e9valu\u00e9s, d\u00e9tectant les anomalies qui peuvent affecter votre fertilit\u00e9.<\/p>\n<\/div><\/div>\n<\/div><div data-post-id=\"58857\" class=\"sc_services_item sc_item_container post_container no_links with_content with_pictogram sc_services_item_featured_left post-58857 cpt_services type-cpt_services status-publish hentry cpt_services_group-diagnostic-complet\"><div class=\"sc_services_item_timeline\"><\/div><span class=\"sc_services_item_marker sc_services_item_pictogram\"><img decoding=\"async\" src=\"https:\/\/inser.com.co\/wp-content\/uploads\/2025\/08\/Layer-6-copy-4-2.svg\" alt=\"Icon\"><\/span>\t\n\t<div class=\"sc_services_item_info\">\n\t\t\t\t<div class=\"sc_services_item_header\">\n\t\t\t\t\t\t<h4 class=\"sc_services_item_title entry-title\">\u00c9valuation hormonale<\/h4><\/div><div class=\"sc_services_item_text\"><p>Des tests sanguins compl\u00e9mentaires sont prescrits pour mesurer les niveaux d\u2019hormones, \u00e9valuer la r\u00e9serve et la fonction ovarienne.<\/p>\n<\/div><\/div>\n<\/div><div data-post-id=\"58862\" class=\"sc_services_item sc_item_container post_container no_links with_content with_pictogram sc_services_item_featured_left post-58862 cpt_services type-cpt_services status-publish hentry cpt_services_group-diagnostic-complet\"><div class=\"sc_services_item_timeline\"><\/div><span class=\"sc_services_item_marker sc_services_item_pictogram\"><img decoding=\"async\" src=\"https:\/\/inser.com.co\/wp-content\/uploads\/2025\/08\/icono-masculino.svg\" alt=\"Icon\"><\/span>\t\n\t<div class=\"sc_services_item_info\">\n\t\t\t\t<div class=\"sc_services_item_header\">\n\t\t\t\t\t\t<h4 class=\"sc_services_item_title entry-title\">\u00c9valuation du facteur masculin<\/h4><\/div><div class=\"sc_services_item_text\"><p>Un spermogramme est envoy\u00e9 o\u00f9 le nombre, le mouvement et la qualit\u00e9 des spermatozo\u00efdes sont \u00e9valu\u00e9s.<\/p>\n<\/div><\/div>\n<\/div><div data-post-id=\"58870\" class=\"sc_services_item sc_item_container post_container no_links with_content with_pictogram sc_services_item_featured_left post-58870 cpt_services type-cpt_services status-publish hentry cpt_services_group-diagnostic-complet\"><div class=\"sc_services_item_timeline\"><\/div><span class=\"sc_services_item_marker sc_services_item_pictogram\"><img decoding=\"async\" src=\"https:\/\/inser.com.co\/wp-content\/uploads\/2025\/08\/evaluacion.svg\" alt=\"Icon\"><\/span>\t\n\t<div class=\"sc_services_item_info\">\n\t\t\t\t<div class=\"sc_services_item_header\">\n\t\t\t\t\t\t<h4 class=\"sc_services_item_title entry-title\">\u00c9valuation g\u00e9n\u00e9tique<\/h4><\/div><div class=\"sc_services_item_text\"><p>Une \u00e9tude sp\u00e9cialis\u00e9e est r\u00e9alis\u00e9e afin d\u2019identifier les alt\u00e9rations g\u00e9n\u00e9tiques susceptibles d\u2019affecter votre fertilit\u00e9 ou celle de votre partenaire, ainsi que la sant\u00e9 du futur b\u00e9b\u00e9.<\/p>\n<\/div><\/div>\n<\/div><div data-post-id=\"58872\" class=\"sc_services_item sc_item_container post_container no_links with_content with_pictogram sc_services_item_featured_left post-58872 cpt_services type-cpt_services status-publish hentry cpt_services_group-diagnostic-complet\"><div class=\"sc_services_item_timeline\"><\/div><span class=\"sc_services_item_marker sc_services_item_pictogram\"><img decoding=\"async\" src=\"https:\/\/inser.com.co\/wp-content\/uploads\/2025\/08\/icono-apoyo-emocional.svg\" alt=\"Icon\"><\/span>\t\n\t<div class=\"sc_services_item_info\">\n\t\t\t\t<div class=\"sc_services_item_header\">\n\t\t\t\t\t\t<h4 class=\"sc_services_item_title entry-title\">Soutien \u00e9motionnel<\/h4><\/div><div class=\"sc_services_item_text\"><p>Nous vous offrons un soutien psychologique professionnel tout au long de votre processus pour vous aider \u00e0 g\u00e9rer vos \u00e9motions et vous procurer du bien-\u00eatre \u00e0 chaque \u00e9tape du traitement.<\/p>\n<\/div><\/div>\n<\/div><\/div><\/div>\t\t\t\t<\/div>\n\t\t\t\t<\/div>\n\t\t\t\t\t<\/div>\n\t\t\t\t<\/div>\n\t\t\t\t<\/div>\n\t\t<div class=\"e-con-with-custom-width elementor-element elementor-element-98c8e4a e-flex e-con-boxed sc_layouts_column_icons_position_left e-con e-parent\" data-id=\"98c8e4a\" data-element_type=\"container\" data-e-type=\"container\">\n\t\t\t\t\t<div class=\"e-con-inner\">\n\t\t\t\t<div class=\"elementor-element elementor-element-8277895 sc_fly_static elementor-widget elementor-widget-trx_sc_title\" data-id=\"8277895\" data-element_type=\"widget\" data-e-type=\"widget\" data-widget_type=\"trx_sc_title.default\">\n\t\t\t\t<div class=\"elementor-widget-container\">\n\t\t\t\t\t<div\t\tclass=\"sc_title sc_title_default\" ><h2 class=\"sc_item_title sc_title_title sc_align_center sc_item_title_style_default sc_item_title_tag\"\n\t\t\t><span class=\"sc_item_title_text\">Pourquoi choisir l\u2019Inser ?<\/span><\/h2><\/div>\t\t\t\t<\/div>\n\t\t\t\t<\/div>\n\t\t\t\t<div class=\"elementor-element elementor-element-99e2e72 sc_fly_static elementor-widget elementor-widget-text-editor\" data-id=\"99e2e72\" data-element_type=\"widget\" data-e-type=\"widget\" data-widget_type=\"text-editor.default\">\n\t\t\t\t\t\t\t\t\t<p class=\"p1\"><span class=\"s1\"><strong>  Nous croyons que chaque famille m\u00e9rite d\u2019avoir la possibilit\u00e9 de s\u2019agrandir.<\/strong>  Chez Inser, nous sommes votre alli\u00e9 pour y parvenir. Nous combinons le meilleur de la technologie de reproduction avec une approche chaleureuse et humaine, car nous comprenons que ce voyage va au-del\u00e0 de la science : <strong>c\u2019est un r\u00eave, un espoir, une histoire unique.<\/strong> <\/span><\/p>\t\t\t\t\t\t\t\t<\/div>\n\t\t\t\t\t<\/div>\n\t\t\t\t<\/div>\n\t\t<div class=\"elementor-element elementor-element-fb6cf83 e-flex e-con-boxed sc_layouts_column_icons_position_left e-con e-parent\" data-id=\"fb6cf83\" data-element_type=\"container\" data-e-type=\"container\" data-settings=\"{&quot;background_background&quot;:&quot;classic&quot;}\">\n\t\t\t\t\t<div class=\"e-con-inner\">\n\t\t\t\t<div class=\"elementor-element elementor-element-ade9e5b sc_fly_static elementor-widget elementor-widget-trx_sc_title\" data-id=\"ade9e5b\" data-element_type=\"widget\" data-e-type=\"widget\" data-widget_type=\"trx_sc_title.default\">\n\t\t\t\t<div class=\"elementor-widget-container\">\n\t\t\t\t\t<div\t\tclass=\"sc_title sc_title_default\" ><span class=\"sc_item_subtitle sc_title_subtitle sc_align_center sc_item_subtitle_above sc_item_title_style_default sc_item_subtitle_with_custom_color trx_addons_inline_1403341048\">Inser<\/span><h2 class=\"sc_item_title sc_title_title sc_align_center sc_item_title_style_default sc_item_title_tag\"\n\t\t\t><span class=\"sc_item_title_text\">Votre famille tant d\u00e9sir\u00e9e, entre des mains expertes. <br><span style=\"color: #1AA6CE;\">Contactez-nous et <a style=\"color: #1AA6CE; text-decoration: underline;\" href=\"\/contactanos\/%22%22\">faites connaissance avec nos cliniques <i class=\"fa fa-arrow-circle-o-right\" aria-hidden=\"true\"><\/i>\n<\/a> <\/span><\/h2><\/div>\t\t\t\t<\/div>\n\t\t\t\t<\/div>\n\t\t\t\t\t<\/div>\n\t\t\t\t<\/div>\n\t\t\t\t<\/div>\n\t\t","protected":false},"excerpt":{"rendered":"<p>\u00c0 quoi s\u2019attendre lors de votre \u00e9valuation de fertilit\u00e9 ? Notre processus d\u2019\u00e9valuation est exhaustif et adapt\u00e9 aux besoins de chaque personne ou couple. Nous \u00e9valuons tous les aspects de&hellip;<\/p>\n","protected":false},"author":1,"featured_media":0,"parent":0,"menu_order":0,"comment_status":"closed","ping_status":"closed","template":"","meta":{"_acf_changed":false,"_joinchat":[],"footnotes":""},"class_list":["post-57450","page","type-page","status-publish","hentry"],"acf":[],"_links":{"self":[{"href":"https:\/\/www.inser.com.co\/fr\/wp-json\/wp\/v2\/pages\/57450","targetHints":{"allow":["GET"]}}],"collection":[{"href":"https:\/\/www.inser.com.co\/fr\/wp-json\/wp\/v2\/pages"}],"about":[{"href":"https:\/\/www.inser.com.co\/fr\/wp-json\/wp\/v2\/types\/page"}],"author":[{"embeddable":true,"href":"https:\/\/www.inser.com.co\/fr\/wp-json\/wp\/v2\/users\/1"}],"replies":[{"embeddable":true,"href":"https:\/\/www.inser.com.co\/fr\/wp-json\/wp\/v2\/comments?post=57450"}],"version-history":[{"count":0,"href":"https:\/\/www.inser.com.co\/fr\/wp-json\/wp\/v2\/pages\/57450\/revisions"}],"wp:attachment":[{"href":"https:\/\/www.inser.com.co\/fr\/wp-json\/wp\/v2\/media?parent=57450"}],"curies":[{"name":"wp","href":"https:\/\/api.w.org\/{rel}","templated":true}]}}