{"id":57476,"date":"2025-08-06T13:09:09","date_gmt":"2025-08-06T13:09:09","guid":{"rendered":"https:\/\/www.inser.com.co\/foire-aux-questions\/"},"modified":"2025-10-09T17:07:30","modified_gmt":"2025-10-09T17:07:30","slug":"foire-aux-questions","status":"publish","type":"page","link":"https:\/\/www.inser.com.co\/fr\/foire-aux-questions\/","title":{"rendered":"Foire aux questions"},"content":{"rendered":"\t\t<div data-elementor-type=\"wp-page\" data-elementor-id=\"57476\" class=\"elementor elementor-57476 elementor-50055\">\n\t\t\t\t\t\t<section class=\"elementor-section-with-custom-width elementor-section elementor-top-section elementor-element elementor-element-0f7c579 elementor-section-boxed elementor-section-height-default elementor-section-height-default sc_fly_static\" data-id=\"0f7c579\" data-element_type=\"section\" data-e-type=\"section\">\n\t\t\t\t\t\t<div class=\"elementor-container elementor-column-gap-default\">\n\t\t\t\t\t<div class=\"elementor-column elementor-col-100 elementor-top-column elementor-element elementor-element-0e18846 sc_content_align_inherit sc_layouts_column_icons_position_left sc_fly_static\" data-id=\"0e18846\" data-element_type=\"column\" data-e-type=\"column\">\n\t\t\t<div class=\"elementor-widget-wrap elementor-element-populated\">\n\t\t\t\t\t\t<div class=\"elementor-element elementor-element-90b825f sc_fly_static elementor-widget elementor-widget-toggle\" data-id=\"90b825f\" data-element_type=\"widget\" data-e-type=\"widget\" data-widget_type=\"toggle.default\">\n\t\t\t\t\t\t\t<div class=\"elementor-toggle\">\n\t\t\t\t\t\t\t<div class=\"elementor-toggle-item\">\n\t\t\t\t\t<h5 id=\"elementor-tab-title-1511\" class=\"elementor-tab-title\" data-tab=\"1\" role=\"button\" aria-controls=\"elementor-tab-content-1511\" aria-expanded=\"false\">\n\t\t\t\t\t\t\t\t\t\t\t\t<span class=\"elementor-toggle-icon elementor-toggle-icon-right\" aria-hidden=\"true\">\n\t\t\t\t\t\t\t\t\t\t\t\t\t\t\t<span class=\"elementor-toggle-icon-closed\"><svg xmlns=\"http:\/\/www.w3.org\/2000\/svg\" xmlns:xlink=\"http:\/\/www.w3.org\/1999\/xlink\" x=\"0px\" y=\"0px\" viewBox=\"0 0 14.6 14.5\" style=\"enable-background:new 0 0 14.6 14.5;\" xml:space=\"preserve\"><path d=\"M12.2,7.3l-7.1,7.1c-0.3,0.3-0.8,0.3-1.1,0c0,0,0,0,0,0c-0.3-0.3-0.3-0.8,0-1.1 c0,0,0,0,0,0l6-6l-6-6C3.8,0.9,3.8,0.5,4,0.2c0,0,0,0,0,0c0.3-0.3,0.8-0.3,1.1,0c0,0,0,0,0,0L12.2,7.3z\"><\/path><\/svg><\/span>\n\t\t\t\t\t\t\t\t<span class=\"elementor-toggle-icon-opened\"><svg xmlns=\"http:\/\/www.w3.org\/2000\/svg\" xmlns:xlink=\"http:\/\/www.w3.org\/1999\/xlink\" x=\"0px\" y=\"0px\" viewBox=\"0 0 14.6 14.5\" style=\"enable-background:new 0 0 14.6 14.5;\" xml:space=\"preserve\"><path d=\"M7.3,11.6L0.2,4.5c-0.3-0.3-0.3-0.8,0-1.1c0,0,0,0,0,0c0.3-0.3,0.8-0.3,1.1,0 c0,0,0,0,0,0l6,6l6-6c0.3-0.3,0.8-0.3,1.1,0c0,0,0,0,0,0c0.3,0.3,0.3,0.8,0,1.1c0,0,0,0,0,0L7.3,11.6z\"><\/path><\/svg><\/span>\n\t\t\t\t\t\t\t\t\t\t\t\t\t<\/span>\n\t\t\t\t\t\t\t\t\t\t\t\t<a class=\"elementor-toggle-title\" tabindex=\"0\">Quand dois-je consulter un sp\u00e9cialiste de la fertilit\u00e9 ?<\/a>\n\t\t\t\t\t<\/h5>\n\n\t\t\t\t\t<div id=\"elementor-tab-content-1511\" class=\"elementor-tab-content elementor-clearfix\" data-tab=\"1\" role=\"region\" aria-labelledby=\"elementor-tab-title-1511\"><p>Si vous avez moins de 35 ans et que vous essayez de tomber enceinte depuis plus d\u2019un an, si vous avez plus de 35 ans et que vous essayez de tomber enceinte depuis plus de six mois. \u00c9galement si vous avez diagnostiqu\u00e9 des probl\u00e8mes de reproduction, tels que l\u2019endom\u00e9triose, le SOPK (syndrome des ovaires polykystiques), les fibromes, entre autres. <\/p>\n<\/div>\n\t\t\t\t<\/div>\n\t\t\t\t\t\t\t<div class=\"elementor-toggle-item\">\n\t\t\t\t\t<h5 id=\"elementor-tab-title-1512\" class=\"elementor-tab-title\" data-tab=\"2\" role=\"button\" aria-controls=\"elementor-tab-content-1512\" aria-expanded=\"false\">\n\t\t\t\t\t\t\t\t\t\t\t\t<span class=\"elementor-toggle-icon elementor-toggle-icon-right\" aria-hidden=\"true\">\n\t\t\t\t\t\t\t\t\t\t\t\t\t\t\t<span class=\"elementor-toggle-icon-closed\"><svg xmlns=\"http:\/\/www.w3.org\/2000\/svg\" xmlns:xlink=\"http:\/\/www.w3.org\/1999\/xlink\" x=\"0px\" y=\"0px\" viewBox=\"0 0 14.6 14.5\" style=\"enable-background:new 0 0 14.6 14.5;\" xml:space=\"preserve\"><path d=\"M12.2,7.3l-7.1,7.1c-0.3,0.3-0.8,0.3-1.1,0c0,0,0,0,0,0c-0.3-0.3-0.3-0.8,0-1.1 c0,0,0,0,0,0l6-6l-6-6C3.8,0.9,3.8,0.5,4,0.2c0,0,0,0,0,0c0.3-0.3,0.8-0.3,1.1,0c0,0,0,0,0,0L12.2,7.3z\"><\/path><\/svg><\/span>\n\t\t\t\t\t\t\t\t<span class=\"elementor-toggle-icon-opened\"><svg xmlns=\"http:\/\/www.w3.org\/2000\/svg\" xmlns:xlink=\"http:\/\/www.w3.org\/1999\/xlink\" x=\"0px\" y=\"0px\" viewBox=\"0 0 14.6 14.5\" style=\"enable-background:new 0 0 14.6 14.5;\" xml:space=\"preserve\"><path d=\"M7.3,11.6L0.2,4.5c-0.3-0.3-0.3-0.8,0-1.1c0,0,0,0,0,0c0.3-0.3,0.8-0.3,1.1,0 c0,0,0,0,0,0l6,6l6-6c0.3-0.3,0.8-0.3,1.1,0c0,0,0,0,0,0c0.3,0.3,0.3,0.8,0,1.1c0,0,0,0,0,0L7.3,11.6z\"><\/path><\/svg><\/span>\n\t\t\t\t\t\t\t\t\t\t\t\t\t<\/span>\n\t\t\t\t\t\t\t\t\t\t\t\t<a class=\"elementor-toggle-title\" tabindex=\"0\">Que dois-je prendre en compte lors du choix d\u2019une clinique de fertilit\u00e9 ?<\/a>\n\t\t\t\t\t<\/h5>\n\n\t\t\t\t\t<div id=\"elementor-tab-content-1512\" class=\"elementor-tab-content elementor-clearfix\" data-tab=\"2\" role=\"region\" aria-labelledby=\"elementor-tab-title-1512\"><p>Nous savons que cette d\u00e9cision fait partie de votre histoire la plus personnelle, ce sont quelques-uns des aspects que Inser recommande lors du choix. L\u2019exp\u00e9rience de la clinique et de ses sp\u00e9cialistes, les accr\u00e9ditations d\u2019institutions reconnues, la technologie et les processus s\u00fbrs, l\u2019emplacement et les installations, les t\u00e9moignages et les avis des patients. <\/p>\n<\/div>\n\t\t\t\t<\/div>\n\t\t\t\t\t\t\t<div class=\"elementor-toggle-item\">\n\t\t\t\t\t<h5 id=\"elementor-tab-title-1513\" class=\"elementor-tab-title\" data-tab=\"3\" role=\"button\" aria-controls=\"elementor-tab-content-1513\" aria-expanded=\"false\">\n\t\t\t\t\t\t\t\t\t\t\t\t<span class=\"elementor-toggle-icon elementor-toggle-icon-right\" aria-hidden=\"true\">\n\t\t\t\t\t\t\t\t\t\t\t\t\t\t\t<span class=\"elementor-toggle-icon-closed\"><svg xmlns=\"http:\/\/www.w3.org\/2000\/svg\" xmlns:xlink=\"http:\/\/www.w3.org\/1999\/xlink\" x=\"0px\" y=\"0px\" viewBox=\"0 0 14.6 14.5\" style=\"enable-background:new 0 0 14.6 14.5;\" xml:space=\"preserve\"><path d=\"M12.2,7.3l-7.1,7.1c-0.3,0.3-0.8,0.3-1.1,0c0,0,0,0,0,0c-0.3-0.3-0.3-0.8,0-1.1 c0,0,0,0,0,0l6-6l-6-6C3.8,0.9,3.8,0.5,4,0.2c0,0,0,0,0,0c0.3-0.3,0.8-0.3,1.1,0c0,0,0,0,0,0L12.2,7.3z\"><\/path><\/svg><\/span>\n\t\t\t\t\t\t\t\t<span class=\"elementor-toggle-icon-opened\"><svg xmlns=\"http:\/\/www.w3.org\/2000\/svg\" xmlns:xlink=\"http:\/\/www.w3.org\/1999\/xlink\" x=\"0px\" y=\"0px\" viewBox=\"0 0 14.6 14.5\" style=\"enable-background:new 0 0 14.6 14.5;\" xml:space=\"preserve\"><path d=\"M7.3,11.6L0.2,4.5c-0.3-0.3-0.3-0.8,0-1.1c0,0,0,0,0,0c0.3-0.3,0.8-0.3,1.1,0 c0,0,0,0,0,0l6,6l6-6c0.3-0.3,0.8-0.3,1.1,0c0,0,0,0,0,0c0.3,0.3,0.3,0.8,0,1.1c0,0,0,0,0,0L7.3,11.6z\"><\/path><\/svg><\/span>\n\t\t\t\t\t\t\t\t\t\t\t\t\t<\/span>\n\t\t\t\t\t\t\t\t\t\t\t\t<a class=\"elementor-toggle-title\" tabindex=\"0\">Que peut-on attendre de la premi\u00e8re consultation de fertilit\u00e9 ?<\/a>\n\t\t\t\t\t<\/h5>\n\n\t\t\t\t\t<div id=\"elementor-tab-content-1513\" class=\"elementor-tab-content elementor-clearfix\" data-tab=\"3\" role=\"region\" aria-labelledby=\"elementor-tab-title-1513\"><p>Un examen approfondi de vos ant\u00e9c\u00e9dents m\u00e9dicaux, une \u00e9valuation \u00e9chographique, des commandes d\u2019examens initiaux ou compl\u00e9mentaires. C\u2019est un espace pour r\u00e9soudre les doutes et planifier votre processus sereinement. <\/p>\n<\/div>\n\t\t\t\t<\/div>\n\t\t\t\t\t\t\t<div class=\"elementor-toggle-item\">\n\t\t\t\t\t<h5 id=\"elementor-tab-title-1514\" class=\"elementor-tab-title\" data-tab=\"4\" role=\"button\" aria-controls=\"elementor-tab-content-1514\" aria-expanded=\"false\">\n\t\t\t\t\t\t\t\t\t\t\t\t<span class=\"elementor-toggle-icon elementor-toggle-icon-right\" aria-hidden=\"true\">\n\t\t\t\t\t\t\t\t\t\t\t\t\t\t\t<span class=\"elementor-toggle-icon-closed\"><svg xmlns=\"http:\/\/www.w3.org\/2000\/svg\" xmlns:xlink=\"http:\/\/www.w3.org\/1999\/xlink\" x=\"0px\" y=\"0px\" viewBox=\"0 0 14.6 14.5\" style=\"enable-background:new 0 0 14.6 14.5;\" xml:space=\"preserve\"><path d=\"M12.2,7.3l-7.1,7.1c-0.3,0.3-0.8,0.3-1.1,0c0,0,0,0,0,0c-0.3-0.3-0.3-0.8,0-1.1 c0,0,0,0,0,0l6-6l-6-6C3.8,0.9,3.8,0.5,4,0.2c0,0,0,0,0,0c0.3-0.3,0.8-0.3,1.1,0c0,0,0,0,0,0L12.2,7.3z\"><\/path><\/svg><\/span>\n\t\t\t\t\t\t\t\t<span class=\"elementor-toggle-icon-opened\"><svg xmlns=\"http:\/\/www.w3.org\/2000\/svg\" xmlns:xlink=\"http:\/\/www.w3.org\/1999\/xlink\" x=\"0px\" y=\"0px\" viewBox=\"0 0 14.6 14.5\" style=\"enable-background:new 0 0 14.6 14.5;\" xml:space=\"preserve\"><path d=\"M7.3,11.6L0.2,4.5c-0.3-0.3-0.3-0.8,0-1.1c0,0,0,0,0,0c0.3-0.3,0.8-0.3,1.1,0 c0,0,0,0,0,0l6,6l6-6c0.3-0.3,0.8-0.3,1.1,0c0,0,0,0,0,0c0.3,0.3,0.3,0.8,0,1.1c0,0,0,0,0,0L7.3,11.6z\"><\/path><\/svg><\/span>\n\t\t\t\t\t\t\t\t\t\t\t\t\t<\/span>\n\t\t\t\t\t\t\t\t\t\t\t\t<a class=\"elementor-toggle-title\" tabindex=\"0\">Ai-je besoin d\u2019une r\u00e9f\u00e9rence pour prendre un rendez-vous de fertilit\u00e9 ?<\/a>\n\t\t\t\t\t<\/h5>\n\n\t\t\t\t\t<div id=\"elementor-tab-content-1514\" class=\"elementor-tab-content elementor-clearfix\" data-tab=\"4\" role=\"region\" aria-labelledby=\"elementor-tab-title-1514\"><p>Vous pouvez prendre rendez-vous directement avec nous sans avoir besoin d\u2019une r\u00e9f\u00e9rence. Nous sommes l\u00e0 pour vous accompagner d\u00e8s le premier pas !  <\/p>\n<\/div>\n\t\t\t\t<\/div>\n\t\t\t\t\t\t\t\t<\/div>\n\t\t\t\t\t\t<\/div>\n\t\t\t\t\t<\/div>\n\t\t<\/div>\n\t\t\t\t\t<\/div>\n\t\t<\/section>\n\t\t\t\t<\/div>\n\t\t","protected":false},"excerpt":{"rendered":"<p>Quand dois-je consulter un sp\u00e9cialiste de la fertilit\u00e9 ? Si vous avez moins de 35 ans et que vous essayez de tomber enceinte depuis plus d\u2019un an, si vous avez&hellip;<\/p>\n","protected":false},"author":1,"featured_media":0,"parent":0,"menu_order":0,"comment_status":"closed","ping_status":"open","template":"","meta":{"_acf_changed":false,"_joinchat":[],"footnotes":""},"class_list":["post-57476","page","type-page","status-publish","hentry"],"acf":[],"_links":{"self":[{"href":"https:\/\/www.inser.com.co\/fr\/wp-json\/wp\/v2\/pages\/57476","targetHints":{"allow":["GET"]}}],"collection":[{"href":"https:\/\/www.inser.com.co\/fr\/wp-json\/wp\/v2\/pages"}],"about":[{"href":"https:\/\/www.inser.com.co\/fr\/wp-json\/wp\/v2\/types\/page"}],"author":[{"embeddable":true,"href":"https:\/\/www.inser.com.co\/fr\/wp-json\/wp\/v2\/users\/1"}],"replies":[{"embeddable":true,"href":"https:\/\/www.inser.com.co\/fr\/wp-json\/wp\/v2\/comments?post=57476"}],"version-history":[{"count":0,"href":"https:\/\/www.inser.com.co\/fr\/wp-json\/wp\/v2\/pages\/57476\/revisions"}],"wp:attachment":[{"href":"https:\/\/www.inser.com.co\/fr\/wp-json\/wp\/v2\/media?parent=57476"}],"curies":[{"name":"wp","href":"https:\/\/api.w.org\/{rel}","templated":true}]}}