{"id":57572,"date":"2025-05-15T22:32:38","date_gmt":"2025-05-15T22:32:38","guid":{"rendered":"https:\/\/www.inser.com.co\/quartier-general\/clinique-de-fertilite-a-carthagene\/"},"modified":"2025-10-10T11:06:29","modified_gmt":"2025-10-10T11:06:29","slug":"clinique-de-fertilite-a-carthagene","status":"publish","type":"page","link":"https:\/\/www.inser.com.co\/fr\/quartier-general\/clinique-de-fertilite-a-carthagene\/","title":{"rendered":"Clinique de fertilit\u00e9 \u00e0 Carthag\u00e8ne"},"content":{"rendered":"\t\t<div data-elementor-type=\"wp-page\" data-elementor-id=\"57572\" class=\"elementor elementor-57572 elementor-39015\">\n\t\t\t\t<div class=\"e-con-with-custom-width elementor-element elementor-element-46dca62 e-con-full e-flex sc_layouts_column_icons_position_left e-con e-parent\" data-id=\"46dca62\" data-element_type=\"container\" data-e-type=\"container\">\n\t\t<div class=\"elementor-element elementor-element-3a9a7f8a e-con-full e-flex sc_layouts_column_icons_position_left e-con e-child\" data-id=\"3a9a7f8a\" data-element_type=\"container\" data-e-type=\"container\">\n\t\t\t\t<div class=\"elementor-element elementor-element-58b6e2fb elementor-widget__width-initial sc_fly_static elementor-widget elementor-widget-text-editor\" data-id=\"58b6e2fb\" data-element_type=\"widget\" data-e-type=\"widget\" data-widget_type=\"text-editor.default\">\n\t\t\t\t\t\t\t\t\t<p>Chez <strong>Inser Cartagena,<\/strong> nous nous engageons \u00e0 faire du r\u00eave de devenir parent une r\u00e9alit\u00e9. Nous offrons des solutions personnalis\u00e9es pour les couples et les individus \u00e0 la recherche d\u2019alternatives de fertilit\u00e9 dans la r\u00e9gion. <\/p>\t\t\t\t\t\t\t\t<\/div>\n\t\t\t\t<div class=\"elementor-element elementor-element-7946dca9 sc_fly_static elementor-widget elementor-widget-spacer\" data-id=\"7946dca9\" data-element_type=\"widget\" data-e-type=\"widget\" data-widget_type=\"spacer.default\">\n\t\t\t\t\t\t\t<div class=\"elementor-spacer\">\n\t\t\t<div class=\"elementor-spacer-inner\"><\/div>\n\t\t<\/div>\n\t\t\t\t\t\t<\/div>\n\t\t<div class=\"e-con-gap-no elementor-element elementor-element-18206998 e-con-full e-flex sc_layouts_column_icons_position_left e-con e-child\" data-id=\"18206998\" data-element_type=\"container\" data-e-type=\"container\">\n\t\t<div class=\"elementor-element elementor-element-557f94bf e-con-full e-flex sc_layouts_column_icons_position_left e-con e-child\" data-id=\"557f94bf\" data-element_type=\"container\" data-e-type=\"container\">\n\t\t\t\t<div class=\"elementor-element elementor-element-2e69457d sc_fly_static elementor-widget elementor-widget-heading\" data-id=\"2e69457d\" data-element_type=\"widget\" data-e-type=\"widget\" data-widget_type=\"heading.default\">\n\t\t\t\t\t<p class=\"elementor-heading-title elementor-size-default\">Heures d\u2019ouverture :<\/p>\t\t\t\t<\/div>\n\t\t\t\t<div class=\"elementor-element elementor-element-771f34d1 elementor-widget__width-initial sc_fly_static elementor-widget elementor-widget-text-editor\" data-id=\"771f34d1\" data-element_type=\"widget\" data-e-type=\"widget\" data-widget_type=\"text-editor.default\">\n\t\t\t\t\t\t\t\t\t<p><strong>Du lundi au vendredi :<\/strong> <br>Lundi au vendredi : 8h00 \u00e0 12h00 | 14 h 00 \u00e0 17 h 00<br><br><strong>Samedi:<\/strong><br>08 h 00 &#8211; 12 h 00<\/p>\t\t\t\t\t\t\t\t<\/div>\n\t\t\t\t<\/div>\n\t\t<div class=\"elementor-element elementor-element-2f1236ac e-con-full e-flex sc_layouts_column_icons_position_left e-con e-child\" data-id=\"2f1236ac\" data-element_type=\"container\" data-e-type=\"container\">\n\t\t\t\t<div class=\"elementor-element elementor-element-54bbfb6a sc_fly_static elementor-widget elementor-widget-heading\" data-id=\"54bbfb6a\" data-element_type=\"widget\" data-e-type=\"widget\" data-widget_type=\"heading.default\">\n\t\t\t\t\t<p class=\"elementor-heading-title elementor-size-default\">Contact:<\/p>\t\t\t\t<\/div>\n\t\t\t\t<div class=\"elementor-element elementor-element-6b0468e8 elementor-widget__width-initial sc_fly_static elementor-widget elementor-widget-text-editor\" data-id=\"6b0468e8\" data-element_type=\"widget\" data-e-type=\"widget\" data-widget_type=\"text-editor.default\">\n\t\t\t\t\t\t\t\t\t<p><strong>Adresse:<\/strong> Calle 6a 3- 17 Edificio Jasban, piso 4 (401-402)<\/p><p><strong>T\u00e9l\u00e9phone fixe\u00a0:<\/strong> +57(5) 693 0434<br \/><a href=\"https:\/\/wa.me\/573163033866\" target=\"_blank\" rel=\"noopener\"><strong>Cellulaire \/ WhatsApp\u00a0:<\/strong> +57 316 303 3866<\/a><br \/><strong>Courriel :<\/strong> info@inser.com.co<br \/><strong>Site Web :<\/strong> www.inser.com.co<\/p>\t\t\t\t\t\t\t\t<\/div>\n\t\t\t\t<\/div>\n\t\t\t\t<\/div>\n\t\t<div class=\"elementor-element elementor-element-6e7f980a e-con-full e-flex sc_layouts_column_icons_position_left e-con e-child\" data-id=\"6e7f980a\" data-element_type=\"container\" data-e-type=\"container\">\n\t\t\t\t<div class=\"elementor-element elementor-element-77ac3f60 elementor-widget__width-initial sc_fly_static elementor-widget elementor-widget-image\" data-id=\"77ac3f60\" data-element_type=\"widget\" data-e-type=\"widget\" data-widget_type=\"image.default\">\n\t\t\t\t\t\t\t\t\t\t\t\t\t\t\t<img loading=\"lazy\" decoding=\"async\" width=\"1024\" height=\"683\" src=\"https:\/\/www.inser.com.co\/wp-content\/uploads\/2025\/05\/sede-cartagena-1-scaled-e1748574246882-1024x683.webp\" class=\"attachment-large size-large wp-image-57573\" alt=\"\" srcset=\"https:\/\/www.inser.com.co\/wp-content\/uploads\/2025\/05\/sede-cartagena-1-scaled-e1748574246882-1024x683.webp 1024w, https:\/\/www.inser.com.co\/wp-content\/uploads\/2025\/05\/sede-cartagena-1-scaled-e1748574246882-300x200.webp 300w, https:\/\/www.inser.com.co\/wp-content\/uploads\/2025\/05\/sede-cartagena-1-scaled-e1748574246882-768x512.webp 768w, https:\/\/www.inser.com.co\/wp-content\/uploads\/2025\/05\/sede-cartagena-1-scaled-e1748574246882-1536x1024.webp 1536w, https:\/\/www.inser.com.co\/wp-content\/uploads\/2025\/05\/sede-cartagena-1-scaled-e1748574246882-2048x1366.webp 2048w, https:\/\/www.inser.com.co\/wp-content\/uploads\/2025\/05\/sede-cartagena-1-scaled-e1748574246882-370x247.webp 370w, https:\/\/www.inser.com.co\/wp-content\/uploads\/2025\/05\/sede-cartagena-1-scaled-e1748574246882-840x560.webp 840w, https:\/\/www.inser.com.co\/wp-content\/uploads\/2025\/05\/sede-cartagena-1-scaled-e1748574246882-410x273.webp 410w\" sizes=\"auto, (max-width: 1024px) 100vw, 1024px\" \/>\t\t\t\t\t\t\t\t\t\t\t\t\t\t\t<\/div>\n\t\t\t\t<div class=\"elementor-element elementor-element-26c6c472 sc_fly_static elementor-widget elementor-widget-image\" data-id=\"26c6c472\" data-element_type=\"widget\" data-e-type=\"widget\" data-widget_type=\"image.default\">\n\t\t\t\t\t\t\t\t\t\t\t\t\t\t\t<img loading=\"lazy\" decoding=\"async\" width=\"1024\" height=\"683\" src=\"https:\/\/www.inser.com.co\/wp-content\/uploads\/2025\/05\/sede-cartagena-2-1024x683.webp\" class=\"attachment-large size-large wp-image-57574\" alt=\"\" srcset=\"https:\/\/www.inser.com.co\/wp-content\/uploads\/2025\/05\/sede-cartagena-2-1024x683.webp 1024w, https:\/\/www.inser.com.co\/wp-content\/uploads\/2025\/05\/sede-cartagena-2-300x200.webp 300w, https:\/\/www.inser.com.co\/wp-content\/uploads\/2025\/05\/sede-cartagena-2-768x512.webp 768w, https:\/\/www.inser.com.co\/wp-content\/uploads\/2025\/05\/sede-cartagena-2-1536x1024.webp 1536w, https:\/\/www.inser.com.co\/wp-content\/uploads\/2025\/05\/sede-cartagena-2-2048x1365.webp 2048w, https:\/\/www.inser.com.co\/wp-content\/uploads\/2025\/05\/sede-cartagena-2-370x247.webp 370w, https:\/\/www.inser.com.co\/wp-content\/uploads\/2025\/05\/sede-cartagena-2-840x560.webp 840w, https:\/\/www.inser.com.co\/wp-content\/uploads\/2025\/05\/sede-cartagena-2-410x273.webp 410w\" sizes=\"auto, (max-width: 1024px) 100vw, 1024px\" \/>\t\t\t\t\t\t\t\t\t\t\t\t\t\t\t<\/div>\n\t\t\t\t<\/div>\n\t\t\t\t<div class=\"elementor-element elementor-element-7fe7c3a0 elementor-widget__width-initial sc_fly_static elementor-widget elementor-widget-trx_sc_title\" data-id=\"7fe7c3a0\" data-element_type=\"widget\" data-e-type=\"widget\" data-widget_type=\"trx_sc_title.default\">\n\t\t\t\t<div class=\"elementor-widget-container\">\n\t\t\t\t\t<div\t\tclass=\"sc_title sc_title_default\" ><h2 class=\"sc_item_title sc_title_title sc_align_left sc_item_title_style_default sc_item_title_tag sc_typed\"\n\t\t\t><span class=\"sc_item_title_text\">Inser Cartagena&nbsp;: Services et traitements pour <span class=\"extra_bg\" style=\"background-color:#00a6ce;\">r\u00e9aliser votre r\u00eave<\/span><\/span><\/h2><\/div>\t\t\t\t<\/div>\n\t\t\t\t<\/div>\n\t\t\t\t<div class=\"elementor-element elementor-element-79c68eb6 elementor-widget__width-initial sc_fly_static elementor-widget elementor-widget-text-editor\" data-id=\"79c68eb6\" data-element_type=\"widget\" data-e-type=\"widget\" data-widget_type=\"text-editor.default\">\n\t\t\t\t\t\t\t\t\t<p>Notre engagement est de vous fournir un soutien complet, de la confiance et de l\u2019espoir \u00e0 chaque \u00e9tape du processus. Vous y trouverez un espace s\u00fbr et chaleureux con\u00e7u pour faire de ce processus une exp\u00e9rience positive et pleine d\u2019espoir. <\/p>\t\t\t\t\t\t\t\t<\/div>\n\t\t\t\t<div class=\"elementor-element elementor-element-4e006912 sc_fly_static elementor-widget elementor-widget-trx_sc_button\" data-id=\"4e006912\" data-element_type=\"widget\" data-e-type=\"widget\" data-widget_type=\"trx_sc_button.default\">\n\t\t\t\t<div class=\"elementor-widget-container\">\n\t\t\t\t\t<div\tclass=\"sc_item_button sc_button_wrap\" ><a href=\"https:\/\/www.inser.com.co\/fr\/decouvrez-nos-cliniques\/\" class=\"sc_button sc_button_veil sc_button_size_normal sc_button_with_icon sc_button_icon_left\" ><span class=\"sc_button_icon\"><span class=\"icon-arrow-left-alt\"><\/span><\/span><span class=\"sc_button_text\"><span class=\"sc_button_title\">Retour \u00e0 tous les emplacements<\/span><\/span><\/a><\/div>\t\t\t\t<\/div>\n\t\t\t\t<\/div>\n\t\t\t\t<\/div>\n\t\t<div class=\"elementor-element elementor-element-3a014f4c e-con-full e-flex sc_layouts_column_icons_position_left e-con e-child\" data-id=\"3a014f4c\" data-element_type=\"container\" data-e-type=\"container\" data-settings=\"{&quot;background_background&quot;:&quot;classic&quot;}\">\n\t\t\t\t<div class=\"elementor-element elementor-element-5ed15f80 sc_fly_static elementor-widget elementor-widget-heading\" data-id=\"5ed15f80\" data-element_type=\"widget\" data-e-type=\"widget\" data-widget_type=\"heading.default\">\n\t\t\t\t\t<p class=\"elementor-heading-title elementor-size-default\">Laissez-nous vous accompagner sur \nle chemin de la fertilit\u00e9<\/p>\t\t\t\t<\/div>\n\t\t\t\t<div class=\"elementor-element elementor-element-2f7d6604 sc_fly_static elementor-widget elementor-widget-trx_sc_contact_form_7\" data-id=\"2f7d6604\" data-element_type=\"widget\" data-e-type=\"widget\" data-widget_type=\"trx_sc_contact_form_7.default\">\n\t\t\t\t<div class=\"elementor-widget-container\">\n\t\t\t\t\t\n<div class=\"wpcf7 no-js\" id=\"wpcf7-f59566-o1\" lang=\"fr-FR\" dir=\"ltr\" data-wpcf7-id=\"59566\">\n<div class=\"screen-reader-response\"><p role=\"status\" aria-live=\"polite\" aria-atomic=\"true\"><\/p> <ul><\/ul><\/div>\n<form action=\"\/fr\/wp-json\/wp\/v2\/pages\/57572#wpcf7-f59566-o1\" method=\"post\" class=\"wpcf7-form init\" aria-label=\"Formulaire de contact\" novalidate=\"novalidate\" data-status=\"init\">\n<fieldset class=\"hidden-fields-container\"><input type=\"hidden\" name=\"_wpcf7\" value=\"59566\" \/><input type=\"hidden\" name=\"_wpcf7_version\" value=\"6.1.5\" \/><input type=\"hidden\" name=\"_wpcf7_locale\" value=\"fr_FR\" \/><input type=\"hidden\" name=\"_wpcf7_unit_tag\" value=\"wpcf7-f59566-o1\" \/><input type=\"hidden\" name=\"_wpcf7_container_post\" value=\"0\" \/><input type=\"hidden\" name=\"_wpcf7_posted_data_hash\" value=\"\" \/><input type=\"hidden\" name=\"_wpcf7_recaptcha_response\" value=\"\" \/>\n<\/fieldset>\n<div class=\"form-style-2\">\n\t<div class=\"columns_wrap margin-bottom\">\n\t\t<div class=\"column-1_1\">\n\t\t\t<p><span class=\"style-line\">[text* espace r\u00e9serv\u00e9 \u00e0 votre-nom \"Nom\"]<\/span>\n\t\t\t<\/p>\n\t\t<\/div>\n\t<\/div>\n\t<div class=\"columns_wrap margin-bottom\">\n\t\t<div class=\"column-1_2\">\n\t\t\t<p><span class=\"style-line\">[text* Votre-nom-r\u00e9serv\u00e9 \"Nom de famille\"]<\/span>\n\t\t\t<\/p>\n\t\t<\/div>\n\t<\/div>\n\t<div class=\"columns_wrap margin-bottom\">\n\t\t<div class=\"column-1_1\">\n\t\t\t<p><span class=\"style-line\">[email* Espace r\u00e9serv\u00e9 \u00e0 votre-e-mail \"Messagerie \u00e9lectronique\"]<\/span>\n\t\t\t<\/p>\n\t\t<\/div>\n\t<\/div>\n\t<div class=\"columns_wrap margin-bottom\">\n\t\t<div class=\"column-1_2\">\n\t\t\t<p><span class=\"style-line\">[WPMLCF7-4-TEL* Espace r\u00e9serv\u00e9 au t\u00e9l\u00e9phone]<br \/>\nCellulaire<br \/>\n[\/wpmlcf7-4-tel]<\/span>\n\t\t\t<\/p>\n\t\t<\/div>\n\t<\/div>\n\t<div class=\"columns_wrap margin-bottom\">\n\t\t<div class=\"column-1_1\">\n\t\t\t<p><span class=\"style-line\">[text* texte-400 espace r\u00e9serv\u00e9 \"Pays de r\u00e9sidence\"]<\/span>\n\t\t\t<\/p>\n\t\t<\/div>\n\t<\/div>\n\t<div class=\"columns_wrap margin-bottom\">\n\t\t<div class=\"column-1_1\">\n\t\t\t<p><span class=\"style-line\">[text* texte-400 espace r\u00e9serv\u00e9 \"Quel est votre principal motif de consultation ?\"]<\/span>\n\t\t\t<\/p>\n\t\t<\/div>\n\t<\/div>\n\t<div class=\"columns_wrap margin-bottom\">\n\t\t<div class=\"column-1_1\">\n\t\t\t<p><span class=\"style-line\">[text* texte-400 espace r\u00e9serv\u00e9 \"Depuis combien de temps essayez-vous de concevoir ?\"]<\/span>\n\t\t\t<\/p>\n\t\t<\/div>\n\t<\/div>\n\t<div class=\"columns_wrap margin-bottom\">\n\t\t<div class=\"column-1_1\">\n\t\t\t<p><span class=\"style-line\">[text* texte-400 espace r\u00e9serv\u00e9 \"Avez-vous d\u00e9j\u00e0 re\u00e7u des traitements ?\"]<\/span>\n\t\t\t<\/p>\n\t\t<\/div>\n\t<\/div>\n\t<div class=\"columns_wrap margin-bottom\">\n\t\t<div class=\"column-1_1\">\n\t\t\t<p><span class=\"style-line\">[textarea* Espace r\u00e9serv\u00e9 \u00e0 votre-message \"Message suppl\u00e9mentaire\"]<\/span>\n\t\t\t<\/p>\n\t\t<\/div>\n\t<\/div>\n\t<p><input class=\"wpcf7-form-control wpcf7-submit has-spinner\" type=\"submit\" value=\"Envoyer\" \/><span class=\"wpcf7-form-control-wrap\" data-name=\"acceptance\"><span class=\"wpcf7-form-control wpcf7-acceptance\"><span class=\"wpcf7-list-item\"><label><input type=\"checkbox\" name=\"acceptance\" value=\"1\" aria-invalid=\"false\" \/><span class=\"wpcf7-list-item-label\">J\u2019ai lu et j\u2019accepte la <a href=\"\/privacy-policy\/\">politique de confidentialit\u00e9<\/a>.<\/span><\/label><\/span><\/span><\/span>\n\t<\/p>\n<\/div><div class=\"wpcf7-response-output\" aria-hidden=\"true\"><\/div>\n<\/form>\n<\/div>\n\t\t\t\t<\/div>\n\t\t\t\t<\/div>\n\t\t\t\t<div class=\"elementor-element elementor-element-8fe41fc sc_fly_static elementor-widget elementor-widget-html\" data-id=\"8fe41fc\" data-element_type=\"widget\" data-e-type=\"widget\" data-widget_type=\"html.default\">\n\t\t\t\t\t<script>document.addEventListener( 'wpcf7mailsent', function( event ) {\n      window.location.href = '\/thank-you-page\/'; \/\/ Cambia \"\/gracias\/\" por la URL de tu p\u00e1gina de agradecimiento\n  }, false );\n<\/script>\t\t\t\t<\/div>\n\t\t\t\t<\/div>\n\t\t\t\t<\/div>\n\t\t\t\t<section class=\"elementor-section elementor-top-section elementor-element elementor-element-30735f9 scheme_default elementor-section-full_width elementor-section-stretched elementor-section-height-default elementor-section-height-default sc_fly_static\" data-id=\"30735f9\" data-element_type=\"section\" data-e-type=\"section\" data-settings=\"{&quot;background_background&quot;:&quot;classic&quot;,&quot;stretch_section&quot;:&quot;section-stretched&quot;}\">\n\t\t\t\t\t\t<div class=\"elementor-container elementor-column-gap-extended\">\n\t\t\t\t\t<div class=\"elementor-column elementor-col-100 elementor-top-column elementor-element elementor-element-6166483 sc_content_align_inherit sc_layouts_column_icons_position_left sc_fly_static\" data-id=\"6166483\" data-element_type=\"column\" data-e-type=\"column\">\n\t\t\t<div class=\"elementor-widget-wrap elementor-element-populated\">\n\t\t\t\t\t\t<div class=\"elementor-element elementor-element-aa4843f sc_fly_static elementor-widget elementor-widget-trx_sc_googlemap\" data-id=\"aa4843f\" data-element_type=\"widget\" data-e-type=\"widget\" data-widget_type=\"trx_sc_googlemap.default\">\n\t\t\t\t<div class=\"elementor-widget-container\">\n\t\t\t\t\t<div id=\"sc_googlemap_1601234673_wrap\" class=\"sc_googlemap_wrap\"><div id=\"sc_googlemap_1601234673\"\t\t\tclass=\"sc_item_content sc_map sc_googlemap sc_googlemap_default trx_addons_inline_2128361902\"\n\t\t\t \t\t\tdata-zoom=\"12\"\n\t\t\tdata-center=\"51.499,-0.13\"\n\t\t\tdata-style=\"extra\"\n\t\t\tdata-map-id=\"\"\n\t\t\tdata-cluster-icon=\"\"\n\t\t\t><iframe\n\t\t\t\t\t\tsrc=\"https:\/\/maps.google.com\/maps?t=m&output=embed&iwloc=near&z=12&q=Cl.+6A+%233-17%2C+Carthag%C3%A8ne+des+Indes%2C+Province+de+Carthag%C3%A8ne%2C+Bol%C3%ADvar+\"\n\t\t\t\t\t\taria-label=\"Un\"><\/iframe><\/div><\/div>\t\t\t\t<\/div>\n\t\t\t\t<\/div>\n\t\t\t\t\t<\/div>\n\t\t<\/div>\n\t\t\t\t\t<\/div>\n\t\t<\/section>\n\t\t<div class=\"e-con-with-custom-width elementor-element elementor-element-5769a295 e-con-full e-flex sc_layouts_column_icons_position_left e-con e-parent\" data-id=\"5769a295\" data-element_type=\"container\" data-e-type=\"container\" data-settings=\"{&quot;background_background&quot;:&quot;classic&quot;}\">\n\t\t\t\t<div class=\"elementor-element elementor-element-31fce1dc elementor-widget-mobile__width-initial sc_fly_static elementor-widget elementor-widget-trx_sc_title\" data-id=\"31fce1dc\" data-element_type=\"widget\" data-e-type=\"widget\" data-widget_type=\"trx_sc_title.default\">\n\t\t\t\t<div class=\"elementor-widget-container\">\n\t\t\t\t\t<div\t\tclass=\"sc_title sc_title_default\" ><span class=\"sc_item_subtitle sc_title_subtitle sc_align_center sc_item_subtitle_above sc_item_title_style_default sc_item_subtitle_with_custom_color trx_addons_inline_1796590086\">Inser<\/span><h1 class=\"sc_item_title sc_title_title sc_align_center sc_item_title_style_default sc_item_title_tag trx_addons_inline_32649616\"\n\t\t\t><span class=\"sc_item_title_text\">Nous vous accompagnons \u00e0 chaque \u00e9tape du processus,<br><span style=\"color: #1AA6CE;\">Contactez-nous pour obtenir des conseils.<\/span><\/h1><\/div>\t\t\t\t<\/div>\n\t\t\t\t<\/div>\n\t\t\t\t<\/div>\n\t\t\t\t<\/div>\n\t\t","protected":false},"excerpt":{"rendered":"<p>Chez Inser Cartagena, nous nous engageons \u00e0 faire du r\u00eave de devenir parent une r\u00e9alit\u00e9. Nous offrons des solutions personnalis\u00e9es pour les couples et les individus \u00e0 la recherche d\u2019alternatives&hellip;<\/p>\n","protected":false},"author":1,"featured_media":0,"parent":57448,"menu_order":0,"comment_status":"closed","ping_status":"closed","template":"","meta":{"_acf_changed":false,"_joinchat":[],"footnotes":""},"class_list":["post-57572","page","type-page","status-publish","hentry"],"acf":[],"_links":{"self":[{"href":"https:\/\/www.inser.com.co\/fr\/wp-json\/wp\/v2\/pages\/57572","targetHints":{"allow":["GET"]}}],"collection":[{"href":"https:\/\/www.inser.com.co\/fr\/wp-json\/wp\/v2\/pages"}],"about":[{"href":"https:\/\/www.inser.com.co\/fr\/wp-json\/wp\/v2\/types\/page"}],"author":[{"embeddable":true,"href":"https:\/\/www.inser.com.co\/fr\/wp-json\/wp\/v2\/users\/1"}],"replies":[{"embeddable":true,"href":"https:\/\/www.inser.com.co\/fr\/wp-json\/wp\/v2\/comments?post=57572"}],"version-history":[{"count":0,"href":"https:\/\/www.inser.com.co\/fr\/wp-json\/wp\/v2\/pages\/57572\/revisions"}],"up":[{"embeddable":true,"href":"https:\/\/www.inser.com.co\/fr\/wp-json\/wp\/v2\/pages\/57448"}],"wp:attachment":[{"href":"https:\/\/www.inser.com.co\/fr\/wp-json\/wp\/v2\/media?parent=57572"}],"curies":[{"name":"wp","href":"https:\/\/api.w.org\/{rel}","templated":true}]}}