{"id":57576,"date":"2025-05-15T22:32:38","date_gmt":"2025-05-15T22:32:38","guid":{"rendered":"https:\/\/www.inser.com.co\/quartier-general\/clinique-de-fertilite-a-bogota\/"},"modified":"2025-10-10T11:00:49","modified_gmt":"2025-10-10T11:00:49","slug":"clinique-de-fertilite-a-bogota","status":"publish","type":"page","link":"https:\/\/www.inser.com.co\/fr\/quartier-general\/clinique-de-fertilite-a-bogota\/","title":{"rendered":"Clinique de fertilit\u00e9 \u00e0 Bogota"},"content":{"rendered":"\t\t<div data-elementor-type=\"wp-page\" data-elementor-id=\"57576\" class=\"elementor elementor-57576 elementor-39013\">\n\t\t\t\t<div class=\"e-con-with-custom-width elementor-element elementor-element-62d73c40 e-con-full e-flex sc_layouts_column_icons_position_left e-con e-parent\" data-id=\"62d73c40\" data-element_type=\"container\" data-e-type=\"container\">\n\t\t<div class=\"elementor-element elementor-element-1596b87e e-con-full e-flex sc_layouts_column_icons_position_left e-con e-child\" data-id=\"1596b87e\" data-element_type=\"container\" data-e-type=\"container\">\n\t\t\t\t<div class=\"elementor-element elementor-element-560f506b elementor-widget__width-initial sc_fly_static elementor-widget elementor-widget-text-editor\" data-id=\"560f506b\" data-element_type=\"widget\" data-e-type=\"widget\" data-widget_type=\"text-editor.default\">\n\t\t\t\t\t\t\t\t\t<p>\u00c0 <strong>l\u2019Inser Bogot\u00e1,<\/strong> nous disposons d\u2019une \u00e9quipe de sp\u00e9cialistes de la fertilit\u00e9 qui se consacrent \u00e0 vous accompagner \u00e0 chaque \u00e9tape de votre parcours vers la maternit\u00e9 ou la paternit\u00e9. Notre clinique est \u00e9quip\u00e9e d\u2019une technologie de pointe et d\u2019une \u00e9quipe multidisciplinaire. <\/p>\t\t\t\t\t\t\t\t<\/div>\n\t\t\t\t<div class=\"elementor-element elementor-element-4d23490 sc_fly_static elementor-widget elementor-widget-spacer\" data-id=\"4d23490\" data-element_type=\"widget\" data-e-type=\"widget\" data-widget_type=\"spacer.default\">\n\t\t\t\t\t\t\t<div class=\"elementor-spacer\">\n\t\t\t<div class=\"elementor-spacer-inner\"><\/div>\n\t\t<\/div>\n\t\t\t\t\t\t<\/div>\n\t\t<div class=\"e-con-gap-no elementor-element elementor-element-699d1d9b e-con-full e-flex sc_layouts_column_icons_position_left e-con e-child\" data-id=\"699d1d9b\" data-element_type=\"container\" data-e-type=\"container\">\n\t\t<div class=\"elementor-element elementor-element-452ad6b0 e-con-full e-flex sc_layouts_column_icons_position_left e-con e-child\" data-id=\"452ad6b0\" data-element_type=\"container\" data-e-type=\"container\">\n\t\t\t\t<div class=\"elementor-element elementor-element-78763db4 sc_fly_static elementor-widget elementor-widget-heading\" data-id=\"78763db4\" data-element_type=\"widget\" data-e-type=\"widget\" data-widget_type=\"heading.default\">\n\t\t\t\t\t<p class=\"elementor-heading-title elementor-size-default\">Heures d\u2019ouverture :<\/p>\t\t\t\t<\/div>\n\t\t\t\t<div class=\"elementor-element elementor-element-5137c9d2 elementor-widget__width-initial sc_fly_static elementor-widget elementor-widget-text-editor\" data-id=\"5137c9d2\" data-element_type=\"widget\" data-e-type=\"widget\" data-widget_type=\"text-editor.default\">\n\t\t\t\t\t\t\t\t\t<p><strong>Du lundi au vendredi :<\/strong> <br>08 h 00 &#8211; 16 h 00<br><strong>Samedi:<\/strong><br>08 h 00 &#8211; 12 h 00<\/p>\t\t\t\t\t\t\t\t<\/div>\n\t\t\t\t<\/div>\n\t\t<div class=\"elementor-element elementor-element-4fbfc4c6 e-con-full e-flex sc_layouts_column_icons_position_left e-con e-child\" data-id=\"4fbfc4c6\" data-element_type=\"container\" data-e-type=\"container\">\n\t\t\t\t<div class=\"elementor-element elementor-element-65f593b5 sc_fly_static elementor-widget elementor-widget-heading\" data-id=\"65f593b5\" data-element_type=\"widget\" data-e-type=\"widget\" data-widget_type=\"heading.default\">\n\t\t\t\t\t<p class=\"elementor-heading-title elementor-size-default\">Contact:<\/p>\t\t\t\t<\/div>\n\t\t\t\t<div class=\"elementor-element elementor-element-7a2efaa4 elementor-widget__width-initial sc_fly_static elementor-widget elementor-widget-text-editor\" data-id=\"7a2efaa4\" data-element_type=\"widget\" data-e-type=\"widget\" data-widget_type=\"text-editor.default\">\n\t\t\t\t\t\t\t\t\t<p><strong>Adresse:<\/strong> Calle 117 n\u00b0 6A-60 piso 2 \/ Ed. Flor Morado Empresarial<\/p><p><strong>T\u00e9l\u00e9phone fixe\u00a0:<\/strong> +57 (1) 746 98 69<br \/><a href=\"https:\/\/wa.me\/573163033866\" target=\"_blank\" rel=\"noopener\"><strong>Cellulaire \/ WhatsApp\u00a0:<\/strong> +57 316 303 3866<\/a><br \/><strong>Courriel :<\/strong> info@inser.com.co<br \/><strong>Site Web :<\/strong> www.inser.com.co<\/p>\t\t\t\t\t\t\t\t<\/div>\n\t\t\t\t<\/div>\n\t\t\t\t<\/div>\n\t\t<div class=\"elementor-element elementor-element-646ef5c3 e-con-full e-flex sc_layouts_column_icons_position_left e-con e-child\" data-id=\"646ef5c3\" data-element_type=\"container\" data-e-type=\"container\">\n\t\t\t\t<div class=\"elementor-element elementor-element-21c39cda sc_fly_static elementor-widget elementor-widget-image\" data-id=\"21c39cda\" data-element_type=\"widget\" data-e-type=\"widget\" data-widget_type=\"image.default\">\n\t\t\t\t\t\t\t\t\t\t\t\t\t\t\t<img loading=\"lazy\" decoding=\"async\" width=\"1024\" height=\"769\" src=\"https:\/\/www.inser.com.co\/wp-content\/uploads\/2025\/05\/sede-bogota-2-1024x769.webp\" class=\"attachment-large size-large wp-image-57578\" alt=\"\" srcset=\"https:\/\/www.inser.com.co\/wp-content\/uploads\/2025\/05\/sede-bogota-2-1024x769.webp 1024w, https:\/\/www.inser.com.co\/wp-content\/uploads\/2025\/05\/sede-bogota-2-300x225.webp 300w, https:\/\/www.inser.com.co\/wp-content\/uploads\/2025\/05\/sede-bogota-2-768x577.webp 768w, https:\/\/www.inser.com.co\/wp-content\/uploads\/2025\/05\/sede-bogota-2-1536x1153.webp 1536w, https:\/\/www.inser.com.co\/wp-content\/uploads\/2025\/05\/sede-bogota-2-2048x1538.webp 2048w, https:\/\/www.inser.com.co\/wp-content\/uploads\/2025\/05\/sede-bogota-2-370x278.webp 370w, https:\/\/www.inser.com.co\/wp-content\/uploads\/2025\/05\/sede-bogota-2-840x631.webp 840w, https:\/\/www.inser.com.co\/wp-content\/uploads\/2025\/05\/sede-bogota-2-410x308.webp 410w\" sizes=\"auto, (max-width: 1024px) 100vw, 1024px\" \/>\t\t\t\t\t\t\t\t\t\t\t\t\t\t\t<\/div>\n\t\t\t\t<div class=\"elementor-element elementor-element-635fc339 sc_fly_static elementor-widget elementor-widget-image\" data-id=\"635fc339\" data-element_type=\"widget\" data-e-type=\"widget\" data-widget_type=\"image.default\">\n\t\t\t\t\t\t\t\t\t\t\t\t\t\t\t<img loading=\"lazy\" decoding=\"async\" width=\"1024\" height=\"769\" src=\"https:\/\/www.inser.com.co\/wp-content\/uploads\/2025\/05\/sede-bogota-1-1024x769.webp\" class=\"attachment-large size-large wp-image-57577\" alt=\"\" srcset=\"https:\/\/www.inser.com.co\/wp-content\/uploads\/2025\/05\/sede-bogota-1-1024x769.webp 1024w, https:\/\/www.inser.com.co\/wp-content\/uploads\/2025\/05\/sede-bogota-1-300x225.webp 300w, https:\/\/www.inser.com.co\/wp-content\/uploads\/2025\/05\/sede-bogota-1-768x577.webp 768w, https:\/\/www.inser.com.co\/wp-content\/uploads\/2025\/05\/sede-bogota-1-1536x1153.webp 1536w, https:\/\/www.inser.com.co\/wp-content\/uploads\/2025\/05\/sede-bogota-1-2048x1538.webp 2048w, https:\/\/www.inser.com.co\/wp-content\/uploads\/2025\/05\/sede-bogota-1-370x278.webp 370w, https:\/\/www.inser.com.co\/wp-content\/uploads\/2025\/05\/sede-bogota-1-840x631.webp 840w, https:\/\/www.inser.com.co\/wp-content\/uploads\/2025\/05\/sede-bogota-1-410x308.webp 410w\" sizes=\"auto, (max-width: 1024px) 100vw, 1024px\" \/>\t\t\t\t\t\t\t\t\t\t\t\t\t\t\t<\/div>\n\t\t\t\t<\/div>\n\t\t\t\t<div class=\"elementor-element elementor-element-49ad7fd0 elementor-widget__width-initial sc_fly_static elementor-widget elementor-widget-trx_sc_title\" data-id=\"49ad7fd0\" data-element_type=\"widget\" data-e-type=\"widget\" data-widget_type=\"trx_sc_title.default\">\n\t\t\t\t<div class=\"elementor-widget-container\">\n\t\t\t\t\t<div\t\tclass=\"sc_title sc_title_default\" ><h1 class=\"sc_item_title sc_title_title sc_align_left sc_item_title_style_default sc_item_title_tag sc_typed\"\n\t\t\t><span class=\"sc_item_title_text\">Services et traitements de fertilit\u00e9 <span class=\"extra_bg\" style=\"background-color:#00a6ce;\">\u00e0 Bogota<\/span><\/span><\/h1><\/div>\t\t\t\t<\/div>\n\t\t\t\t<\/div>\n\t\t\t\t<div class=\"elementor-element elementor-element-270ea719 elementor-widget__width-initial sc_fly_static elementor-widget elementor-widget-text-editor\" data-id=\"270ea719\" data-element_type=\"widget\" data-e-type=\"widget\" data-widget_type=\"text-editor.default\">\n\t\t\t\t\t\t\t\t\t<p>\u00c0 l\u2019Inser Bogot\u00e1, nous vous proposons une large gamme de traitements et de services con\u00e7us pour vous offrir les meilleures options de fertilit\u00e9. Nous disposons d\u2019une \u00e9quipe compl\u00e8te compos\u00e9e de sp\u00e9cialistes de la fertilit\u00e9, d\u2019urologues et de psychologues ayant une vaste exp\u00e9rience en m\u00e9decine de la reproduction. <\/p><p>Nous nous concentrons sur l\u2019offre d\u2019un traitement de proximit\u00e9, chaleureux et humain, en comprenant l\u2019importance de chaque cas et en apportant des solutions adapt\u00e9es \u00e0 vos besoins.<\/p>\t\t\t\t\t\t\t\t<\/div>\n\t\t\t\t<div class=\"elementor-element elementor-element-9fa9ea5 sc_fly_static elementor-widget elementor-widget-trx_sc_button\" data-id=\"9fa9ea5\" data-element_type=\"widget\" data-e-type=\"widget\" data-widget_type=\"trx_sc_button.default\">\n\t\t\t\t<div class=\"elementor-widget-container\">\n\t\t\t\t\t<div\tclass=\"sc_item_button sc_button_wrap\" ><a href=\"https:\/\/www.inser.com.co\/fr\/decouvrez-nos-cliniques\/\" class=\"sc_button sc_button_veil sc_button_size_normal sc_button_with_icon sc_button_icon_left\" ><span class=\"sc_button_icon\"><span class=\"icon-arrow-left-alt\"><\/span><\/span><span class=\"sc_button_text\"><span class=\"sc_button_title\">Retour \u00e0 tous les emplacements<\/span><\/span><\/a><\/div>\t\t\t\t<\/div>\n\t\t\t\t<\/div>\n\t\t\t\t<\/div>\n\t\t<div class=\"elementor-element elementor-element-6598437b e-con-full e-flex sc_layouts_column_icons_position_left e-con e-child\" data-id=\"6598437b\" data-element_type=\"container\" data-e-type=\"container\" data-settings=\"{&quot;background_background&quot;:&quot;classic&quot;}\">\n\t\t\t\t<div class=\"elementor-element elementor-element-6388da4a sc_fly_static elementor-widget elementor-widget-heading\" data-id=\"6388da4a\" data-element_type=\"widget\" data-e-type=\"widget\" data-widget_type=\"heading.default\">\n\t\t\t\t\t<p class=\"elementor-heading-title elementor-size-default\">Laissez-nous vous accompagner sur \nle chemin de la fertilit\u00e9<\/p>\t\t\t\t<\/div>\n\t\t\t\t<div class=\"elementor-element elementor-element-b69825e sc_fly_static elementor-widget elementor-widget-trx_sc_contact_form_7\" data-id=\"b69825e\" data-element_type=\"widget\" data-e-type=\"widget\" data-widget_type=\"trx_sc_contact_form_7.default\">\n\t\t\t\t<div class=\"elementor-widget-container\">\n\t\t\t\t\t\n<div class=\"wpcf7 no-js\" id=\"wpcf7-f59566-o1\" lang=\"fr-FR\" dir=\"ltr\" data-wpcf7-id=\"59566\">\n<div class=\"screen-reader-response\"><p role=\"status\" aria-live=\"polite\" aria-atomic=\"true\"><\/p> <ul><\/ul><\/div>\n<form action=\"\/fr\/wp-json\/wp\/v2\/pages\/57576#wpcf7-f59566-o1\" method=\"post\" class=\"wpcf7-form init\" aria-label=\"Formulaire de contact\" novalidate=\"novalidate\" data-status=\"init\">\n<fieldset class=\"hidden-fields-container\"><input type=\"hidden\" name=\"_wpcf7\" value=\"59566\" \/><input type=\"hidden\" name=\"_wpcf7_version\" value=\"6.1.5\" \/><input type=\"hidden\" name=\"_wpcf7_locale\" value=\"fr_FR\" \/><input type=\"hidden\" name=\"_wpcf7_unit_tag\" value=\"wpcf7-f59566-o1\" \/><input type=\"hidden\" name=\"_wpcf7_container_post\" value=\"0\" \/><input type=\"hidden\" name=\"_wpcf7_posted_data_hash\" value=\"\" \/><input type=\"hidden\" name=\"_wpcf7_recaptcha_response\" value=\"\" \/>\n<\/fieldset>\n<div class=\"form-style-2\">\n\t<div class=\"columns_wrap margin-bottom\">\n\t\t<div class=\"column-1_1\">\n\t\t\t<p><span class=\"style-line\">[text* espace r\u00e9serv\u00e9 \u00e0 votre-nom \"Nom\"]<\/span>\n\t\t\t<\/p>\n\t\t<\/div>\n\t<\/div>\n\t<div class=\"columns_wrap margin-bottom\">\n\t\t<div class=\"column-1_2\">\n\t\t\t<p><span class=\"style-line\">[text* Votre-nom-r\u00e9serv\u00e9 \"Nom de famille\"]<\/span>\n\t\t\t<\/p>\n\t\t<\/div>\n\t<\/div>\n\t<div class=\"columns_wrap margin-bottom\">\n\t\t<div class=\"column-1_1\">\n\t\t\t<p><span class=\"style-line\">[email* Espace r\u00e9serv\u00e9 \u00e0 votre-e-mail \"Messagerie \u00e9lectronique\"]<\/span>\n\t\t\t<\/p>\n\t\t<\/div>\n\t<\/div>\n\t<div class=\"columns_wrap margin-bottom\">\n\t\t<div class=\"column-1_2\">\n\t\t\t<p><span class=\"style-line\">[WPMLCF7-4-TEL* Espace r\u00e9serv\u00e9 au t\u00e9l\u00e9phone]<br \/>\nCellulaire<br \/>\n[\/wpmlcf7-4-tel]<\/span>\n\t\t\t<\/p>\n\t\t<\/div>\n\t<\/div>\n\t<div class=\"columns_wrap margin-bottom\">\n\t\t<div class=\"column-1_1\">\n\t\t\t<p><span class=\"style-line\">[text* texte-400 espace r\u00e9serv\u00e9 \"Pays de r\u00e9sidence\"]<\/span>\n\t\t\t<\/p>\n\t\t<\/div>\n\t<\/div>\n\t<div class=\"columns_wrap margin-bottom\">\n\t\t<div class=\"column-1_1\">\n\t\t\t<p><span class=\"style-line\">[text* texte-400 espace r\u00e9serv\u00e9 \"Quel est votre principal motif de consultation ?\"]<\/span>\n\t\t\t<\/p>\n\t\t<\/div>\n\t<\/div>\n\t<div class=\"columns_wrap margin-bottom\">\n\t\t<div class=\"column-1_1\">\n\t\t\t<p><span class=\"style-line\">[text* texte-400 espace r\u00e9serv\u00e9 \"Depuis combien de temps essayez-vous de concevoir ?\"]<\/span>\n\t\t\t<\/p>\n\t\t<\/div>\n\t<\/div>\n\t<div class=\"columns_wrap margin-bottom\">\n\t\t<div class=\"column-1_1\">\n\t\t\t<p><span class=\"style-line\">[text* texte-400 espace r\u00e9serv\u00e9 \"Avez-vous d\u00e9j\u00e0 re\u00e7u des traitements ?\"]<\/span>\n\t\t\t<\/p>\n\t\t<\/div>\n\t<\/div>\n\t<div class=\"columns_wrap margin-bottom\">\n\t\t<div class=\"column-1_1\">\n\t\t\t<p><span class=\"style-line\">[textarea* Espace r\u00e9serv\u00e9 \u00e0 votre-message \"Message suppl\u00e9mentaire\"]<\/span>\n\t\t\t<\/p>\n\t\t<\/div>\n\t<\/div>\n\t<p><input class=\"wpcf7-form-control wpcf7-submit has-spinner\" type=\"submit\" value=\"Envoyer\" \/><span class=\"wpcf7-form-control-wrap\" data-name=\"acceptance\"><span class=\"wpcf7-form-control wpcf7-acceptance\"><span class=\"wpcf7-list-item\"><label><input type=\"checkbox\" name=\"acceptance\" value=\"1\" aria-invalid=\"false\" \/><span class=\"wpcf7-list-item-label\">J\u2019ai lu et j\u2019accepte la <a href=\"\/privacy-policy\/\">politique de confidentialit\u00e9<\/a>.<\/span><\/label><\/span><\/span><\/span>\n\t<\/p>\n<\/div><div class=\"wpcf7-response-output\" aria-hidden=\"true\"><\/div>\n<\/form>\n<\/div>\n\t\t\t\t<\/div>\n\t\t\t\t<\/div>\n\t\t\t\t<div class=\"elementor-element elementor-element-3c9318f sc_fly_static elementor-widget elementor-widget-html\" data-id=\"3c9318f\" data-element_type=\"widget\" data-e-type=\"widget\" data-widget_type=\"html.default\">\n\t\t\t\t\t<script>document.addEventListener( 'wpcf7mailsent', function( event ) {\n      window.location.href = '\/thank-you-page\/'; \/\/ Cambia \"\/gracias\/\" por la URL de tu p\u00e1gina de agradecimiento\n  }, false );\n<\/script>\t\t\t\t<\/div>\n\t\t\t\t<\/div>\n\t\t\t\t<\/div>\n\t\t\t\t<section class=\"elementor-section elementor-top-section elementor-element elementor-element-49f3bf9 scheme_default elementor-section-full_width elementor-section-stretched elementor-section-height-default elementor-section-height-default sc_fly_static\" data-id=\"49f3bf9\" data-element_type=\"section\" data-e-type=\"section\" data-settings=\"{&quot;background_background&quot;:&quot;classic&quot;,&quot;stretch_section&quot;:&quot;section-stretched&quot;}\">\n\t\t\t\t\t\t<div class=\"elementor-container elementor-column-gap-extended\">\n\t\t\t\t\t<div class=\"elementor-column elementor-col-100 elementor-top-column elementor-element elementor-element-65661f6 sc_content_align_inherit sc_layouts_column_icons_position_left sc_fly_static\" data-id=\"65661f6\" data-element_type=\"column\" data-e-type=\"column\">\n\t\t\t<div class=\"elementor-widget-wrap elementor-element-populated\">\n\t\t\t\t\t\t<div class=\"elementor-element elementor-element-0ca0784 sc_fly_static elementor-widget elementor-widget-trx_sc_googlemap\" data-id=\"0ca0784\" data-element_type=\"widget\" data-e-type=\"widget\" data-widget_type=\"trx_sc_googlemap.default\">\n\t\t\t\t<div class=\"elementor-widget-container\">\n\t\t\t\t\t<div id=\"sc_googlemap_928520881_wrap\" class=\"sc_googlemap_wrap\"><div id=\"sc_googlemap_928520881\"\t\t\tclass=\"sc_item_content sc_map sc_googlemap sc_googlemap_default trx_addons_inline_1975736319\"\n\t\t\t \t\t\tdata-zoom=\"12\"\n\t\t\tdata-center=\"51.499,-0.13\"\n\t\t\tdata-style=\"extra\"\n\t\t\tdata-map-id=\"https:\/\/maps.app.goo.gl\/Twp1hhGXnuPSCw948\"\n\t\t\tdata-cluster-icon=\"\"\n\t\t\t><iframe\n\t\t\t\t\t\tsrc=\"https:\/\/maps.google.com\/maps?t=m&output=embed&iwloc=near&z=12&q=Cl.+117+%236a-60%2C+Usaqu%C3%A9n%2C+Bogot%C3%A1+\"\n\t\t\t\t\t\taria-label=\"Un\"><\/iframe><\/div><\/div>\t\t\t\t<\/div>\n\t\t\t\t<\/div>\n\t\t\t\t\t<\/div>\n\t\t<\/div>\n\t\t\t\t\t<\/div>\n\t\t<\/section>\n\t\t<div class=\"e-con-with-custom-width elementor-element elementor-element-133ff57b e-con-full e-flex sc_layouts_column_icons_position_left e-con e-parent\" data-id=\"133ff57b\" data-element_type=\"container\" data-e-type=\"container\" data-settings=\"{&quot;background_background&quot;:&quot;classic&quot;}\">\n\t\t\t\t<div class=\"elementor-element elementor-element-6c96fd80 elementor-widget-mobile__width-initial sc_fly_static elementor-widget elementor-widget-trx_sc_title\" data-id=\"6c96fd80\" data-element_type=\"widget\" data-e-type=\"widget\" data-widget_type=\"trx_sc_title.default\">\n\t\t\t\t<div class=\"elementor-widget-container\">\n\t\t\t\t\t<div\t\tclass=\"sc_title sc_title_default\" ><span class=\"sc_item_subtitle sc_title_subtitle sc_align_center sc_item_subtitle_above sc_item_title_style_default sc_item_subtitle_with_custom_color trx_addons_inline_552200233\">Inser<\/span><h1 class=\"sc_item_title sc_title_title sc_align_center sc_item_title_style_default sc_item_title_tag trx_addons_inline_518043174\"\n\t\t\t><span class=\"sc_item_title_text\">Nous vous accompagnons \u00e0 chaque \u00e9tape du processus,<br><span style=\"color: #1AA6CE;\">Contactez-nous pour obtenir des conseils.<\/span><\/h1><\/div>\t\t\t\t<\/div>\n\t\t\t\t<\/div>\n\t\t\t\t<\/div>\n\t\t\t\t<\/div>\n\t\t","protected":false},"excerpt":{"rendered":"<p>\u00c0 l\u2019Inser Bogot\u00e1, nous disposons d\u2019une \u00e9quipe de sp\u00e9cialistes de la fertilit\u00e9 qui se consacrent \u00e0 vous accompagner \u00e0 chaque \u00e9tape de votre parcours vers la maternit\u00e9 ou la paternit\u00e9.&hellip;<\/p>\n","protected":false},"author":1,"featured_media":0,"parent":57448,"menu_order":0,"comment_status":"closed","ping_status":"closed","template":"","meta":{"_acf_changed":false,"_joinchat":[],"footnotes":""},"class_list":["post-57576","page","type-page","status-publish","hentry"],"acf":[],"_links":{"self":[{"href":"https:\/\/www.inser.com.co\/fr\/wp-json\/wp\/v2\/pages\/57576","targetHints":{"allow":["GET"]}}],"collection":[{"href":"https:\/\/www.inser.com.co\/fr\/wp-json\/wp\/v2\/pages"}],"about":[{"href":"https:\/\/www.inser.com.co\/fr\/wp-json\/wp\/v2\/types\/page"}],"author":[{"embeddable":true,"href":"https:\/\/www.inser.com.co\/fr\/wp-json\/wp\/v2\/users\/1"}],"replies":[{"embeddable":true,"href":"https:\/\/www.inser.com.co\/fr\/wp-json\/wp\/v2\/comments?post=57576"}],"version-history":[{"count":0,"href":"https:\/\/www.inser.com.co\/fr\/wp-json\/wp\/v2\/pages\/57576\/revisions"}],"up":[{"embeddable":true,"href":"https:\/\/www.inser.com.co\/fr\/wp-json\/wp\/v2\/pages\/57448"}],"wp:attachment":[{"href":"https:\/\/www.inser.com.co\/fr\/wp-json\/wp\/v2\/media?parent=57576"}],"curies":[{"name":"wp","href":"https:\/\/api.w.org\/{rel}","templated":true}]}}