{"id":57590,"date":"2025-05-15T22:32:38","date_gmt":"2025-05-15T22:32:38","guid":{"rendered":"https:\/\/www.inser.com.co\/quartier-general\/clinique-de-fertilite-a-pereira\/"},"modified":"2025-10-10T11:07:09","modified_gmt":"2025-10-10T11:07:09","slug":"clinique-de-fertilite-a-pereira","status":"publish","type":"page","link":"https:\/\/www.inser.com.co\/fr\/quartier-general\/clinique-de-fertilite-a-pereira\/","title":{"rendered":"Clinique de fertilit\u00e9 \u00e0 Pereira"},"content":{"rendered":"\t\t<div data-elementor-type=\"wp-page\" data-elementor-id=\"57590\" class=\"elementor elementor-57590 elementor-39017\">\n\t\t\t\t<div class=\"e-con-with-custom-width elementor-element elementor-element-12f845b8 e-con-full e-flex sc_layouts_column_icons_position_left e-con e-parent\" data-id=\"12f845b8\" data-element_type=\"container\" data-e-type=\"container\">\n\t\t<div class=\"elementor-element elementor-element-560b136f e-con-full e-flex sc_layouts_column_icons_position_left e-con e-child\" data-id=\"560b136f\" data-element_type=\"container\" data-e-type=\"container\">\n\t\t\t\t<div class=\"elementor-element elementor-element-93c90a0 elementor-widget__width-initial sc_fly_static elementor-widget elementor-widget-text-editor\" data-id=\"93c90a0\" data-element_type=\"widget\" data-e-type=\"widget\" data-widget_type=\"text-editor.default\">\n\t\t\t\t\t\t\t\t\t<p>\u00c0 <strong>l\u2019Inser Pereira,<\/strong> vous trouverez une attention personnalis\u00e9e, un soutien \u00e9motionnel et des traitements innovants, le tout dans un environnement chaleureux et confiant. Nous nous effor\u00e7ons de vous fournir des diagnostics pr\u00e9cis et des solutions personnalis\u00e9es. <\/p>\t\t\t\t\t\t\t\t<\/div>\n\t\t\t\t<div class=\"elementor-element elementor-element-6c437100 sc_fly_static elementor-widget elementor-widget-spacer\" data-id=\"6c437100\" data-element_type=\"widget\" data-e-type=\"widget\" data-widget_type=\"spacer.default\">\n\t\t\t\t\t\t\t<div class=\"elementor-spacer\">\n\t\t\t<div class=\"elementor-spacer-inner\"><\/div>\n\t\t<\/div>\n\t\t\t\t\t\t<\/div>\n\t\t<div class=\"e-con-gap-no elementor-element elementor-element-4ae54676 e-con-full e-flex sc_layouts_column_icons_position_left e-con e-child\" data-id=\"4ae54676\" data-element_type=\"container\" data-e-type=\"container\">\n\t\t<div class=\"elementor-element elementor-element-78b52d41 e-con-full e-flex sc_layouts_column_icons_position_left e-con e-child\" data-id=\"78b52d41\" data-element_type=\"container\" data-e-type=\"container\">\n\t\t\t\t<div class=\"elementor-element elementor-element-819322a sc_fly_static elementor-widget elementor-widget-heading\" data-id=\"819322a\" data-element_type=\"widget\" data-e-type=\"widget\" data-widget_type=\"heading.default\">\n\t\t\t\t\t<p class=\"elementor-heading-title elementor-size-default\">Heures d\u2019ouverture :<\/p>\t\t\t\t<\/div>\n\t\t\t\t<div class=\"elementor-element elementor-element-7314f8bb elementor-widget__width-initial sc_fly_static elementor-widget elementor-widget-text-editor\" data-id=\"7314f8bb\" data-element_type=\"widget\" data-e-type=\"widget\" data-widget_type=\"text-editor.default\">\n\t\t\t\t\t\t\t\t\t<p><strong>Du lundi au vendredi :<\/strong> <br>7 h 00 \u00e0 12 h 00 | 14 h 00 \u00e0 18 h 00<br><strong>Samedi:<\/strong><br>08 h 00 &#8211; 12 h 00<\/p>\t\t\t\t\t\t\t\t<\/div>\n\t\t\t\t<\/div>\n\t\t<div class=\"elementor-element elementor-element-63a96f2d e-con-full e-flex sc_layouts_column_icons_position_left e-con e-child\" data-id=\"63a96f2d\" data-element_type=\"container\" data-e-type=\"container\">\n\t\t\t\t<div class=\"elementor-element elementor-element-60151732 sc_fly_static elementor-widget elementor-widget-heading\" data-id=\"60151732\" data-element_type=\"widget\" data-e-type=\"widget\" data-widget_type=\"heading.default\">\n\t\t\t\t\t<p class=\"elementor-heading-title elementor-size-default\">Contact:<\/p>\t\t\t\t<\/div>\n\t\t\t\t<div class=\"elementor-element elementor-element-484ddeb1 elementor-widget__width-initial sc_fly_static elementor-widget elementor-widget-text-editor\" data-id=\"484ddeb1\" data-element_type=\"widget\" data-e-type=\"widget\" data-widget_type=\"text-editor.default\">\n\t\t\t\t\t\t\t\t\t<p><strong>Adresse:<\/strong> Calle 10 n\u00b0 15-48, Piso 2 \u2013 Cat M\u00e9dica, quartier Los Alpes.<\/p><p><strong>T\u00e9l\u00e9phone fixe\u00a0:<\/strong> +57(6) 340 17 09<br \/><a href=\"https:\/\/wa.me\/573163033866\" target=\"_blank\" rel=\"noopener\"><strong>Cellulaire \/ WhatsApp\u00a0:<\/strong> +57 316 303 3866<\/a><br \/><strong>Courriel :<\/strong> info@inser.com.co<br \/><strong>Site Web :<\/strong> www.inser.com.co<\/p>\t\t\t\t\t\t\t\t<\/div>\n\t\t\t\t<\/div>\n\t\t\t\t<\/div>\n\t\t\t\t<div class=\"elementor-element elementor-element-94edaae elementor-widget__width-initial sc_fly_static elementor-widget elementor-widget-text-editor\" data-id=\"94edaae\" data-element_type=\"widget\" data-e-type=\"widget\" data-widget_type=\"text-editor.default\">\n\t\t\t\t\t\t\t\t\t<p>\u00c0 Manizales, vous pouvez assister \u00e0 la premi\u00e8re consultation \u00e0 Carrera 23 n\u00b0 62-05, t\u00e9l\u00e9phone&nbsp;: +57(6) 885 55 25, et \u00e0 Tulu\u00e1, en alliance avec Centro Pronat, vous pouvez nous rendre visite \u00e0 Carrera 33 n\u00b0 22-44, prenez rendez-vous en appelant le +57(2) 225 43 10.<\/p>\t\t\t\t\t\t\t\t<\/div>\n\t\t\t\t<div class=\"elementor-element elementor-element-4dd28dd6 elementor-widget__width-initial sc_fly_static elementor-widget elementor-widget-trx_sc_title\" data-id=\"4dd28dd6\" data-element_type=\"widget\" data-e-type=\"widget\" data-widget_type=\"trx_sc_title.default\">\n\t\t\t\t<div class=\"elementor-widget-container\">\n\t\t\t\t\t<div\t\tclass=\"sc_title sc_title_default\" ><h1 class=\"sc_item_title sc_title_title sc_align_left sc_item_title_style_default sc_item_title_tag sc_typed\"\n\t\t\t><span class=\"sc_item_title_text\">Services et traitements de procr\u00e9ation assist\u00e9e <span class=\"extra_bg\" style=\"background-color:#00a6ce;\">\u00e0 Pereira<\/span><\/span><\/h1><\/div>\t\t\t\t<\/div>\n\t\t\t\t<\/div>\n\t\t\t\t<div class=\"elementor-element elementor-element-2fa7d51d elementor-widget__width-initial sc_fly_static elementor-widget elementor-widget-text-editor\" data-id=\"2fa7d51d\" data-element_type=\"widget\" data-e-type=\"widget\" data-widget_type=\"text-editor.default\">\n\t\t\t\t\t\t\t\t\t<p>Chaque chemin est diff\u00e9rent, mais ils m\u00e8nent tous \u00e0 la m\u00eame destination : fonder sa famille. C\u2019est pourquoi, chez <strong>Inser Pereira,<\/strong> nous nous appuyons sur vos besoins sp\u00e9cifiques pour vous offrir les services et les traitements adapt\u00e9s pour vous aider \u00e0 concevoir votre b\u00e9b\u00e9. <\/p><p>Nous proposons <strong>des proc\u00e9dures peu complexes,<\/strong> telles que <strong>l\u2019ins\u00e9mination artificielle,<\/strong> la <strong>f\u00e9condation in vitro (FIV) avanc\u00e9e et les traitements ICSI.<\/strong> Quel que soit votre cas, notre \u00e9quipe vous guidera avec chaleur et exp\u00e9rience pour trouver la meilleure alternative.<\/p>\t\t\t\t\t\t\t\t<\/div>\n\t\t<div class=\"elementor-element elementor-element-269eded e-con-full e-flex sc_layouts_column_icons_position_left e-con e-child\" data-id=\"269eded\" data-element_type=\"container\" data-e-type=\"container\">\n\t\t\t\t<div class=\"elementor-element elementor-element-5abf94de sc_fly_static elementor-widget elementor-widget-image\" data-id=\"5abf94de\" data-element_type=\"widget\" data-e-type=\"widget\" data-widget_type=\"image.default\">\n\t\t\t\t\t\t\t\t\t\t\t\t\t\t\t<img loading=\"lazy\" decoding=\"async\" width=\"1024\" height=\"576\" src=\"https:\/\/www.inser.com.co\/wp-content\/uploads\/2025\/05\/sede-pereira-1-1024x576.webp\" class=\"attachment-large size-large wp-image-57592\" alt=\"\" srcset=\"https:\/\/www.inser.com.co\/wp-content\/uploads\/2025\/05\/sede-pereira-1-1024x576.webp 1024w, https:\/\/www.inser.com.co\/wp-content\/uploads\/2025\/05\/sede-pereira-1-300x169.webp 300w, https:\/\/www.inser.com.co\/wp-content\/uploads\/2025\/05\/sede-pereira-1-768x432.webp 768w, https:\/\/www.inser.com.co\/wp-content\/uploads\/2025\/05\/sede-pereira-1-1536x864.webp 1536w, https:\/\/www.inser.com.co\/wp-content\/uploads\/2025\/05\/sede-pereira-1-2048x1152.webp 2048w, https:\/\/www.inser.com.co\/wp-content\/uploads\/2025\/05\/sede-pereira-1-370x208.webp 370w, https:\/\/www.inser.com.co\/wp-content\/uploads\/2025\/05\/sede-pereira-1-1290x725.webp 1290w, https:\/\/www.inser.com.co\/wp-content\/uploads\/2025\/05\/sede-pereira-1-840x473.webp 840w, https:\/\/www.inser.com.co\/wp-content\/uploads\/2025\/05\/sede-pereira-1-410x231.webp 410w, https:\/\/www.inser.com.co\/wp-content\/uploads\/2025\/05\/sede-pereira-1-270x152.webp 270w\" sizes=\"auto, (max-width: 1024px) 100vw, 1024px\" \/>\t\t\t\t\t\t\t\t\t\t\t\t\t\t\t<\/div>\n\t\t\t\t<div class=\"elementor-element elementor-element-74ddd66 sc_fly_static elementor-widget elementor-widget-image\" data-id=\"74ddd66\" data-element_type=\"widget\" data-e-type=\"widget\" data-widget_type=\"image.default\">\n\t\t\t\t\t\t\t\t\t\t\t\t\t\t\t<img loading=\"lazy\" decoding=\"async\" width=\"1024\" height=\"576\" src=\"https:\/\/www.inser.com.co\/wp-content\/uploads\/2025\/05\/sede-pereira-2-1024x576.webp\" class=\"attachment-large size-large wp-image-57593\" alt=\"\" srcset=\"https:\/\/www.inser.com.co\/wp-content\/uploads\/2025\/05\/sede-pereira-2-1024x576.webp 1024w, https:\/\/www.inser.com.co\/wp-content\/uploads\/2025\/05\/sede-pereira-2-300x169.webp 300w, https:\/\/www.inser.com.co\/wp-content\/uploads\/2025\/05\/sede-pereira-2-768x432.webp 768w, https:\/\/www.inser.com.co\/wp-content\/uploads\/2025\/05\/sede-pereira-2-1536x864.webp 1536w, https:\/\/www.inser.com.co\/wp-content\/uploads\/2025\/05\/sede-pereira-2-2048x1152.webp 2048w, https:\/\/www.inser.com.co\/wp-content\/uploads\/2025\/05\/sede-pereira-2-370x208.webp 370w, https:\/\/www.inser.com.co\/wp-content\/uploads\/2025\/05\/sede-pereira-2-1290x725.webp 1290w, https:\/\/www.inser.com.co\/wp-content\/uploads\/2025\/05\/sede-pereira-2-840x473.webp 840w, https:\/\/www.inser.com.co\/wp-content\/uploads\/2025\/05\/sede-pereira-2-410x231.webp 410w, https:\/\/www.inser.com.co\/wp-content\/uploads\/2025\/05\/sede-pereira-2-270x152.webp 270w\" sizes=\"auto, (max-width: 1024px) 100vw, 1024px\" \/>\t\t\t\t\t\t\t\t\t\t\t\t\t\t\t<\/div>\n\t\t\t\t<\/div>\n\t\t\t\t<div class=\"elementor-element elementor-element-3fd45e8b sc_fly_static elementor-widget elementor-widget-trx_sc_button\" data-id=\"3fd45e8b\" data-element_type=\"widget\" data-e-type=\"widget\" data-widget_type=\"trx_sc_button.default\">\n\t\t\t\t<div class=\"elementor-widget-container\">\n\t\t\t\t\t<div\tclass=\"sc_item_button sc_button_wrap\" ><a href=\"https:\/\/www.inser.com.co\/fr\/decouvrez-nos-cliniques\/\" class=\"sc_button sc_button_veil sc_button_size_normal sc_button_with_icon sc_button_icon_left\" ><span class=\"sc_button_icon\"><span class=\"icon-arrow-left-alt\"><\/span><\/span><span class=\"sc_button_text\"><span class=\"sc_button_title\">Retour \u00e0 tous les emplacements<\/span><\/span><\/a><\/div>\t\t\t\t<\/div>\n\t\t\t\t<\/div>\n\t\t\t\t<\/div>\n\t\t<div class=\"elementor-element elementor-element-2663cdd8 e-con-full e-flex sc_layouts_column_icons_position_left e-con e-child\" data-id=\"2663cdd8\" data-element_type=\"container\" data-e-type=\"container\" data-settings=\"{&quot;background_background&quot;:&quot;classic&quot;}\">\n\t\t\t\t<div class=\"elementor-element elementor-element-4cada671 sc_fly_static elementor-widget elementor-widget-heading\" data-id=\"4cada671\" data-element_type=\"widget\" data-e-type=\"widget\" data-widget_type=\"heading.default\">\n\t\t\t\t\t<p class=\"elementor-heading-title elementor-size-default\">Laissez-nous vous accompagner sur \nle chemin de la fertilit\u00e9<\/p>\t\t\t\t<\/div>\n\t\t\t\t<div class=\"elementor-element elementor-element-32fd5403 sc_fly_static elementor-widget elementor-widget-trx_sc_contact_form_7\" data-id=\"32fd5403\" data-element_type=\"widget\" data-e-type=\"widget\" data-widget_type=\"trx_sc_contact_form_7.default\">\n\t\t\t\t<div class=\"elementor-widget-container\">\n\t\t\t\t\t\n<div class=\"wpcf7 no-js\" id=\"wpcf7-f59566-o1\" lang=\"fr-FR\" dir=\"ltr\" data-wpcf7-id=\"59566\">\n<div class=\"screen-reader-response\"><p role=\"status\" aria-live=\"polite\" aria-atomic=\"true\"><\/p> <ul><\/ul><\/div>\n<form action=\"\/fr\/wp-json\/wp\/v2\/pages\/57590#wpcf7-f59566-o1\" method=\"post\" class=\"wpcf7-form init\" aria-label=\"Formulaire de contact\" novalidate=\"novalidate\" data-status=\"init\">\n<fieldset class=\"hidden-fields-container\"><input type=\"hidden\" name=\"_wpcf7\" value=\"59566\" \/><input type=\"hidden\" name=\"_wpcf7_version\" value=\"6.1.5\" \/><input type=\"hidden\" name=\"_wpcf7_locale\" value=\"fr_FR\" \/><input type=\"hidden\" name=\"_wpcf7_unit_tag\" value=\"wpcf7-f59566-o1\" \/><input type=\"hidden\" name=\"_wpcf7_container_post\" value=\"0\" \/><input type=\"hidden\" name=\"_wpcf7_posted_data_hash\" value=\"\" \/><input type=\"hidden\" name=\"_wpcf7_recaptcha_response\" value=\"\" \/>\n<\/fieldset>\n<div class=\"form-style-2\">\n\t<div class=\"columns_wrap margin-bottom\">\n\t\t<div class=\"column-1_1\">\n\t\t\t<p><span class=\"style-line\">[text* espace r\u00e9serv\u00e9 \u00e0 votre-nom \"Nom\"]<\/span>\n\t\t\t<\/p>\n\t\t<\/div>\n\t<\/div>\n\t<div class=\"columns_wrap margin-bottom\">\n\t\t<div class=\"column-1_2\">\n\t\t\t<p><span class=\"style-line\">[text* Votre-nom-r\u00e9serv\u00e9 \"Nom de famille\"]<\/span>\n\t\t\t<\/p>\n\t\t<\/div>\n\t<\/div>\n\t<div class=\"columns_wrap margin-bottom\">\n\t\t<div class=\"column-1_1\">\n\t\t\t<p><span class=\"style-line\">[email* Espace r\u00e9serv\u00e9 \u00e0 votre-e-mail \"Messagerie \u00e9lectronique\"]<\/span>\n\t\t\t<\/p>\n\t\t<\/div>\n\t<\/div>\n\t<div class=\"columns_wrap margin-bottom\">\n\t\t<div class=\"column-1_2\">\n\t\t\t<p><span class=\"style-line\">[WPMLCF7-4-TEL* Espace r\u00e9serv\u00e9 au t\u00e9l\u00e9phone]<br \/>\nCellulaire<br \/>\n[\/wpmlcf7-4-tel]<\/span>\n\t\t\t<\/p>\n\t\t<\/div>\n\t<\/div>\n\t<div class=\"columns_wrap margin-bottom\">\n\t\t<div class=\"column-1_1\">\n\t\t\t<p><span class=\"style-line\">[text* texte-400 espace r\u00e9serv\u00e9 \"Pays de r\u00e9sidence\"]<\/span>\n\t\t\t<\/p>\n\t\t<\/div>\n\t<\/div>\n\t<div class=\"columns_wrap margin-bottom\">\n\t\t<div class=\"column-1_1\">\n\t\t\t<p><span class=\"style-line\">[text* texte-400 espace r\u00e9serv\u00e9 \"Quel est votre principal motif de consultation ?\"]<\/span>\n\t\t\t<\/p>\n\t\t<\/div>\n\t<\/div>\n\t<div class=\"columns_wrap margin-bottom\">\n\t\t<div class=\"column-1_1\">\n\t\t\t<p><span class=\"style-line\">[text* texte-400 espace r\u00e9serv\u00e9 \"Depuis combien de temps essayez-vous de concevoir ?\"]<\/span>\n\t\t\t<\/p>\n\t\t<\/div>\n\t<\/div>\n\t<div class=\"columns_wrap margin-bottom\">\n\t\t<div class=\"column-1_1\">\n\t\t\t<p><span class=\"style-line\">[text* texte-400 espace r\u00e9serv\u00e9 \"Avez-vous d\u00e9j\u00e0 re\u00e7u des traitements ?\"]<\/span>\n\t\t\t<\/p>\n\t\t<\/div>\n\t<\/div>\n\t<div class=\"columns_wrap margin-bottom\">\n\t\t<div class=\"column-1_1\">\n\t\t\t<p><span class=\"style-line\">[textarea* Espace r\u00e9serv\u00e9 \u00e0 votre-message \"Message suppl\u00e9mentaire\"]<\/span>\n\t\t\t<\/p>\n\t\t<\/div>\n\t<\/div>\n\t<p><input class=\"wpcf7-form-control wpcf7-submit has-spinner\" type=\"submit\" value=\"Envoyer\" \/><span class=\"wpcf7-form-control-wrap\" data-name=\"acceptance\"><span class=\"wpcf7-form-control wpcf7-acceptance\"><span class=\"wpcf7-list-item\"><label><input type=\"checkbox\" name=\"acceptance\" value=\"1\" aria-invalid=\"false\" \/><span class=\"wpcf7-list-item-label\">J\u2019ai lu et j\u2019accepte la <a href=\"\/privacy-policy\/\">politique de confidentialit\u00e9<\/a>.<\/span><\/label><\/span><\/span><\/span>\n\t<\/p>\n<\/div><div class=\"wpcf7-response-output\" aria-hidden=\"true\"><\/div>\n<\/form>\n<\/div>\n\t\t\t\t<\/div>\n\t\t\t\t<\/div>\n\t\t\t\t<div class=\"elementor-element elementor-element-47d5367 sc_fly_static elementor-widget elementor-widget-html\" data-id=\"47d5367\" data-element_type=\"widget\" data-e-type=\"widget\" data-widget_type=\"html.default\">\n\t\t\t\t\t<script>document.addEventListener( 'wpcf7mailsent', function( event ) {\n      window.location.href = '\/thank-you-page\/'; \/\/ Cambia \"\/gracias\/\" por la URL de tu p\u00e1gina de agradecimiento\n  }, false );\n<\/script>\t\t\t\t<\/div>\n\t\t\t\t<\/div>\n\t\t\t\t<\/div>\n\t\t\t\t<section class=\"elementor-section elementor-top-section elementor-element elementor-element-b4e5737 scheme_default elementor-section-full_width elementor-section-stretched elementor-section-height-default elementor-section-height-default sc_fly_static\" data-id=\"b4e5737\" data-element_type=\"section\" data-e-type=\"section\" data-settings=\"{&quot;background_background&quot;:&quot;classic&quot;,&quot;stretch_section&quot;:&quot;section-stretched&quot;}\">\n\t\t\t\t\t\t<div class=\"elementor-container elementor-column-gap-extended\">\n\t\t\t\t\t<div class=\"elementor-column elementor-col-100 elementor-top-column elementor-element elementor-element-e081561 sc_content_align_inherit sc_layouts_column_icons_position_left sc_fly_static\" data-id=\"e081561\" data-element_type=\"column\" data-e-type=\"column\">\n\t\t\t<div class=\"elementor-widget-wrap elementor-element-populated\">\n\t\t\t\t\t\t<div class=\"elementor-element elementor-element-62c99a6 sc_fly_static elementor-widget elementor-widget-trx_sc_googlemap\" data-id=\"62c99a6\" data-element_type=\"widget\" data-e-type=\"widget\" data-widget_type=\"trx_sc_googlemap.default\">\n\t\t\t\t<div class=\"elementor-widget-container\">\n\t\t\t\t\t<div id=\"sc_googlemap_1045485325_wrap\" class=\"sc_googlemap_wrap\"><div id=\"sc_googlemap_1045485325\"\t\t\tclass=\"sc_item_content sc_map sc_googlemap sc_googlemap_default trx_addons_inline_1491921080\"\n\t\t\t \t\t\tdata-zoom=\"12\"\n\t\t\tdata-center=\"51.499,-0.13\"\n\t\t\tdata-style=\"extra\"\n\t\t\tdata-map-id=\"https:\/\/maps.app.goo.gl\/wuEWuMWR7XcXpkDc9\"\n\t\t\tdata-cluster-icon=\"\"\n\t\t\t><iframe\n\t\t\t\t\t\tsrc=\"https:\/\/maps.google.com\/maps?t=m&output=embed&iwloc=near&z=12&q=Cl.+10+%2315-48%2C+Pereira%2C+Risaralda+\"\n\t\t\t\t\t\taria-label=\"Un\"><\/iframe><\/div><\/div>\t\t\t\t<\/div>\n\t\t\t\t<\/div>\n\t\t\t\t\t<\/div>\n\t\t<\/div>\n\t\t\t\t\t<\/div>\n\t\t<\/section>\n\t\t<div class=\"e-con-with-custom-width elementor-element elementor-element-6013a95 e-con-full e-flex sc_layouts_column_icons_position_left e-con e-parent\" data-id=\"6013a95\" data-element_type=\"container\" data-e-type=\"container\" data-settings=\"{&quot;background_background&quot;:&quot;classic&quot;}\">\n\t\t\t\t<div class=\"elementor-element elementor-element-3bc1f733 elementor-widget-mobile__width-initial sc_fly_static elementor-widget elementor-widget-trx_sc_title\" data-id=\"3bc1f733\" data-element_type=\"widget\" data-e-type=\"widget\" data-widget_type=\"trx_sc_title.default\">\n\t\t\t\t<div class=\"elementor-widget-container\">\n\t\t\t\t\t<div\t\tclass=\"sc_title sc_title_default\" ><span class=\"sc_item_subtitle sc_title_subtitle sc_align_center sc_item_subtitle_above sc_item_title_style_default sc_item_subtitle_with_custom_color trx_addons_inline_172283552\">Inser<\/span><h1 class=\"sc_item_title sc_title_title sc_align_center sc_item_title_style_default sc_item_title_tag trx_addons_inline_1368759449\"\n\t\t\t><span class=\"sc_item_title_text\">Nous vous accompagnons \u00e0 chaque \u00e9tape du processus,<br><span style=\"color: #1AA6CE;\">Contactez-nous pour obtenir des conseils.<\/span><\/h1><\/div>\t\t\t\t<\/div>\n\t\t\t\t<\/div>\n\t\t\t\t<\/div>\n\t\t\t\t<\/div>\n\t\t","protected":false},"excerpt":{"rendered":"<p>\u00c0 l\u2019Inser Pereira, vous trouverez une attention personnalis\u00e9e, un soutien \u00e9motionnel et des traitements innovants, le tout dans un environnement chaleureux et confiant. Nous nous effor\u00e7ons de vous fournir des&hellip;<\/p>\n","protected":false},"author":1,"featured_media":0,"parent":57448,"menu_order":0,"comment_status":"closed","ping_status":"closed","template":"","meta":{"_acf_changed":false,"_joinchat":[],"footnotes":""},"class_list":["post-57590","page","type-page","status-publish","hentry"],"acf":[],"_links":{"self":[{"href":"https:\/\/www.inser.com.co\/fr\/wp-json\/wp\/v2\/pages\/57590","targetHints":{"allow":["GET"]}}],"collection":[{"href":"https:\/\/www.inser.com.co\/fr\/wp-json\/wp\/v2\/pages"}],"about":[{"href":"https:\/\/www.inser.com.co\/fr\/wp-json\/wp\/v2\/types\/page"}],"author":[{"embeddable":true,"href":"https:\/\/www.inser.com.co\/fr\/wp-json\/wp\/v2\/users\/1"}],"replies":[{"embeddable":true,"href":"https:\/\/www.inser.com.co\/fr\/wp-json\/wp\/v2\/comments?post=57590"}],"version-history":[{"count":0,"href":"https:\/\/www.inser.com.co\/fr\/wp-json\/wp\/v2\/pages\/57590\/revisions"}],"up":[{"embeddable":true,"href":"https:\/\/www.inser.com.co\/fr\/wp-json\/wp\/v2\/pages\/57448"}],"wp:attachment":[{"href":"https:\/\/www.inser.com.co\/fr\/wp-json\/wp\/v2\/media?parent=57590"}],"curies":[{"name":"wp","href":"https:\/\/api.w.org\/{rel}","templated":true}]}}