{"id":57618,"date":"2025-05-15T22:32:14","date_gmt":"2025-05-15T22:32:14","guid":{"rendered":"https:\/\/www.inser.com.co\/quartier-general\/clinique-de-fertilite-a-medellin\/"},"modified":"2025-10-10T11:05:26","modified_gmt":"2025-10-10T11:05:26","slug":"clinique-de-fertilite-a-medellin","status":"publish","type":"page","link":"https:\/\/www.inser.com.co\/fr\/quartier-general\/clinique-de-fertilite-a-medellin\/","title":{"rendered":"Clinique de fertilit\u00e9 \u00e0 Medell\u00edn"},"content":{"rendered":"\t\t<div data-elementor-type=\"wp-page\" data-elementor-id=\"57618\" class=\"elementor elementor-57618 elementor-38978\">\n\t\t\t\t<div class=\"e-con-with-custom-width elementor-element elementor-element-8b0d7fa e-con-full e-flex sc_layouts_column_icons_position_left e-con e-parent\" data-id=\"8b0d7fa\" data-element_type=\"container\" data-e-type=\"container\">\n\t\t<div class=\"elementor-element elementor-element-d182417 e-con-full e-flex sc_layouts_column_icons_position_left e-con e-child\" data-id=\"d182417\" data-element_type=\"container\" data-e-type=\"container\">\n\t\t\t\t<div class=\"elementor-element elementor-element-686c0ba elementor-widget__width-initial sc_fly_static elementor-widget elementor-widget-text-editor\" data-id=\"686c0ba\" data-element_type=\"widget\" data-e-type=\"widget\" data-widget_type=\"text-editor.default\">\n\t\t\t\t\t\t\t\t\t<p>\u00c0 <strong>l\u2019Inser<\/strong> Medell\u00edn, nous aidons les couples et les individus \u00e0 r\u00e9aliser leur r\u00eave de devenir parents. Notre clinique de fertilit\u00e9 dans la capitale d\u2019Antioquia offre une <strong>\u00e9quipe m\u00e9dicale hautement qualifi\u00e9e,<\/strong> une technologie de pointe et une approche globale de la prise en charge de chaque patient. <\/p>\t\t\t\t\t\t\t\t<\/div>\n\t\t\t\t<div class=\"elementor-element elementor-element-df12ff5 sc_fly_static elementor-widget elementor-widget-spacer\" data-id=\"df12ff5\" data-element_type=\"widget\" data-e-type=\"widget\" data-widget_type=\"spacer.default\">\n\t\t\t\t\t\t\t<div class=\"elementor-spacer\">\n\t\t\t<div class=\"elementor-spacer-inner\"><\/div>\n\t\t<\/div>\n\t\t\t\t\t\t<\/div>\n\t\t<div class=\"e-con-gap-no elementor-element elementor-element-e5c25f0 e-con-full e-flex sc_layouts_column_icons_position_left e-con e-child\" data-id=\"e5c25f0\" data-element_type=\"container\" data-e-type=\"container\">\n\t\t<div class=\"elementor-element elementor-element-3675245 e-con-full e-flex sc_layouts_column_icons_position_left e-con e-child\" data-id=\"3675245\" data-element_type=\"container\" data-e-type=\"container\">\n\t\t\t\t<div class=\"elementor-element elementor-element-018c063 sc_fly_static elementor-widget elementor-widget-heading\" data-id=\"018c063\" data-element_type=\"widget\" data-e-type=\"widget\" data-widget_type=\"heading.default\">\n\t\t\t\t\t<p class=\"elementor-heading-title elementor-size-default\">Heures d\u2019ouverture :<\/p>\t\t\t\t<\/div>\n\t\t\t\t<div class=\"elementor-element elementor-element-dab6d6d elementor-widget__width-initial sc_fly_static elementor-widget elementor-widget-text-editor\" data-id=\"dab6d6d\" data-element_type=\"widget\" data-e-type=\"widget\" data-widget_type=\"text-editor.default\">\n\t\t\t\t\t\t\t\t\t<p><strong>Du lundi au jeudi :<\/strong> <br>07 h 00 &#8211; 19 h 00<br><strong style=\"letter-spacing: 0.1px;\">Vendredi:<br><\/strong>07 h 00 &#8211; 18 h 00<br><strong>Samedi:<\/strong><br>07 h 00 &#8211; 12 h 00<\/p>\t\t\t\t\t\t\t\t<\/div>\n\t\t\t\t<\/div>\n\t\t<div class=\"elementor-element elementor-element-d3f1a1f e-con-full e-flex sc_layouts_column_icons_position_left e-con e-child\" data-id=\"d3f1a1f\" data-element_type=\"container\" data-e-type=\"container\">\n\t\t\t\t<div class=\"elementor-element elementor-element-1d7979d sc_fly_static elementor-widget elementor-widget-heading\" data-id=\"1d7979d\" data-element_type=\"widget\" data-e-type=\"widget\" data-widget_type=\"heading.default\">\n\t\t\t\t\t<p class=\"elementor-heading-title elementor-size-default\">Contact:<\/p>\t\t\t\t<\/div>\n\t\t\t\t<div class=\"elementor-element elementor-element-535b0b3 elementor-widget__width-initial sc_fly_static elementor-widget elementor-widget-text-editor\" data-id=\"535b0b3\" data-element_type=\"widget\" data-e-type=\"widget\" data-widget_type=\"text-editor.default\">\n\t\t\t\t\t\t\t\t\t<p><strong>Adresse:<\/strong> Calle 12 n\u00b0 39-60, secteur El Poblado, Medell\u00edn, Colombie.<br \/><br \/><strong>T\u00e9l\u00e9phone fixe\u00a0:<\/strong> +57 (4) 268 80 00<br \/><a href=\"https:\/\/wa.me\/573163033866\" target=\"_blank\" rel=\"noopener\"><strong>Cellulaire \/ WhatsApp\u00a0:<\/strong> +57 316 303 3866<\/a><br \/><strong>Courriel :<\/strong> info@inser.com.co<br \/><strong>Site Web :<\/strong> www.inser.com.co<\/p>\t\t\t\t\t\t\t\t<\/div>\n\t\t\t\t<\/div>\n\t\t\t\t<\/div>\n\t\t<div class=\"elementor-element elementor-element-6c79a4a e-con-full e-flex sc_layouts_column_icons_position_left e-con e-child\" data-id=\"6c79a4a\" data-element_type=\"container\" data-e-type=\"container\">\n\t\t\t\t<div class=\"elementor-element elementor-element-5c298fa sc_fly_static elementor-widget elementor-widget-image\" data-id=\"5c298fa\" data-element_type=\"widget\" data-e-type=\"widget\" data-widget_type=\"image.default\">\n\t\t\t\t\t\t\t\t\t\t\t\t\t\t\t<img loading=\"lazy\" decoding=\"async\" width=\"1024\" height=\"680\" src=\"https:\/\/www.inser.com.co\/wp-content\/uploads\/2025\/05\/sede-medellin-2-1024x680.webp\" class=\"attachment-large size-large wp-image-57621\" alt=\"\" srcset=\"https:\/\/www.inser.com.co\/wp-content\/uploads\/2025\/05\/sede-medellin-2-1024x680.webp 1024w, https:\/\/www.inser.com.co\/wp-content\/uploads\/2025\/05\/sede-medellin-2-300x199.webp 300w, https:\/\/www.inser.com.co\/wp-content\/uploads\/2025\/05\/sede-medellin-2-768x510.webp 768w, https:\/\/www.inser.com.co\/wp-content\/uploads\/2025\/05\/sede-medellin-2-1536x1020.webp 1536w, https:\/\/www.inser.com.co\/wp-content\/uploads\/2025\/05\/sede-medellin-2-2048x1360.webp 2048w, https:\/\/www.inser.com.co\/wp-content\/uploads\/2025\/05\/sede-medellin-2-370x246.webp 370w, https:\/\/www.inser.com.co\/wp-content\/uploads\/2025\/05\/sede-medellin-2-840x558.webp 840w, https:\/\/www.inser.com.co\/wp-content\/uploads\/2025\/05\/sede-medellin-2-410x272.webp 410w\" sizes=\"auto, (max-width: 1024px) 100vw, 1024px\" \/>\t\t\t\t\t\t\t\t\t\t\t\t\t\t\t<\/div>\n\t\t\t\t<div class=\"elementor-element elementor-element-d7124b6 sc_fly_static elementor-widget elementor-widget-image\" data-id=\"d7124b6\" data-element_type=\"widget\" data-e-type=\"widget\" data-widget_type=\"image.default\">\n\t\t\t\t\t\t\t\t\t\t\t\t\t\t\t<img loading=\"lazy\" decoding=\"async\" width=\"1024\" height=\"680\" src=\"https:\/\/www.inser.com.co\/wp-content\/uploads\/2025\/05\/sede-medellin-1-1024x680.webp\" class=\"attachment-large size-large wp-image-57620\" alt=\"\" srcset=\"https:\/\/www.inser.com.co\/wp-content\/uploads\/2025\/05\/sede-medellin-1-1024x680.webp 1024w, https:\/\/www.inser.com.co\/wp-content\/uploads\/2025\/05\/sede-medellin-1-300x199.webp 300w, https:\/\/www.inser.com.co\/wp-content\/uploads\/2025\/05\/sede-medellin-1-768x510.webp 768w, https:\/\/www.inser.com.co\/wp-content\/uploads\/2025\/05\/sede-medellin-1-1536x1020.webp 1536w, https:\/\/www.inser.com.co\/wp-content\/uploads\/2025\/05\/sede-medellin-1-2048x1360.webp 2048w, https:\/\/www.inser.com.co\/wp-content\/uploads\/2025\/05\/sede-medellin-1-370x246.webp 370w, https:\/\/www.inser.com.co\/wp-content\/uploads\/2025\/05\/sede-medellin-1-840x558.webp 840w, https:\/\/www.inser.com.co\/wp-content\/uploads\/2025\/05\/sede-medellin-1-410x272.webp 410w\" sizes=\"auto, (max-width: 1024px) 100vw, 1024px\" \/>\t\t\t\t\t\t\t\t\t\t\t\t\t\t\t<\/div>\n\t\t\t\t<\/div>\n\t\t\t\t<div class=\"elementor-element elementor-element-b30e22e elementor-widget__width-initial sc_fly_static elementor-widget elementor-widget-trx_sc_title\" data-id=\"b30e22e\" data-element_type=\"widget\" data-e-type=\"widget\" data-widget_type=\"trx_sc_title.default\">\n\t\t\t\t<div class=\"elementor-widget-container\">\n\t\t\t\t\t<div\t\tclass=\"sc_title sc_title_default\" ><h1 class=\"sc_item_title sc_title_title sc_align_left sc_item_title_style_default sc_item_title_tag sc_typed\"\n\t\t\t><span class=\"sc_item_title_text\">Pourquoi choisir Inser <span class=\"extra_bg\" style=\"background-color:#00a6ce;\">\u00e0 Medell\u00edn<\/span><\/span><\/h1><\/div>\t\t\t\t<\/div>\n\t\t\t\t<\/div>\n\t\t\t\t<div class=\"elementor-element elementor-element-cec5c41 elementor-widget__width-initial sc_fly_static elementor-widget elementor-widget-text-editor\" data-id=\"cec5c41\" data-element_type=\"widget\" data-e-type=\"widget\" data-widget_type=\"text-editor.default\">\n\t\t\t\t\t\t\t\t\t<p>Le si\u00e8ge social de Medell\u00edn dessert des patients de diff\u00e9rentes r\u00e9gions, y compris la c\u00f4te colombienne et d\u2019autres villes voisines, ainsi que des personnes de diff\u00e9rents pays d\u2019Am\u00e9rique latine, des \u00c9tats-Unis et des Cara\u00efbes.<\/p><p>Nous disposons d\u2019une \u00e9quipe multidisciplinaire d\u2019experts en fertilit\u00e9, comprenant des sp\u00e9cialistes de la fertilit\u00e9, des urologues, des psychologues.<\/p>\t\t\t\t\t\t\t\t<\/div>\n\t\t\t\t<div class=\"elementor-element elementor-element-ea41798 sc_fly_static elementor-widget elementor-widget-trx_sc_button\" data-id=\"ea41798\" data-element_type=\"widget\" data-e-type=\"widget\" data-widget_type=\"trx_sc_button.default\">\n\t\t\t\t<div class=\"elementor-widget-container\">\n\t\t\t\t\t<div\tclass=\"sc_item_button sc_button_wrap\" ><a href=\"https:\/\/www.inser.com.co\/fr\/decouvrez-nos-cliniques\/\" class=\"sc_button sc_button_veil sc_button_size_normal sc_button_with_icon sc_button_icon_left\" ><span class=\"sc_button_icon\"><span class=\"icon-arrow-left-alt\"><\/span><\/span><span class=\"sc_button_text\"><span class=\"sc_button_title\">Retour \u00e0 tous les emplacements<\/span><\/span><\/a><\/div>\t\t\t\t<\/div>\n\t\t\t\t<\/div>\n\t\t\t\t<\/div>\n\t\t<div class=\"elementor-element elementor-element-3659665 e-con-full e-flex sc_layouts_column_icons_position_left e-con e-child\" data-id=\"3659665\" data-element_type=\"container\" data-e-type=\"container\" data-settings=\"{&quot;background_background&quot;:&quot;classic&quot;}\">\n\t\t\t\t<div class=\"elementor-element elementor-element-dd43a12 sc_fly_static elementor-widget elementor-widget-heading\" data-id=\"dd43a12\" data-element_type=\"widget\" data-e-type=\"widget\" data-widget_type=\"heading.default\">\n\t\t\t\t\t<p class=\"elementor-heading-title elementor-size-default\">Laissez-nous vous accompagner sur \nle chemin de la fertilit\u00e9<\/p>\t\t\t\t<\/div>\n\t\t\t\t<div class=\"elementor-element elementor-element-e8d4178 sc_fly_static elementor-widget elementor-widget-trx_sc_contact_form_7\" data-id=\"e8d4178\" data-element_type=\"widget\" data-e-type=\"widget\" data-widget_type=\"trx_sc_contact_form_7.default\">\n\t\t\t\t<div class=\"elementor-widget-container\">\n\t\t\t\t\t\n<div class=\"wpcf7 no-js\" id=\"wpcf7-f59566-o1\" lang=\"fr-FR\" dir=\"ltr\" data-wpcf7-id=\"59566\">\n<div class=\"screen-reader-response\"><p role=\"status\" aria-live=\"polite\" aria-atomic=\"true\"><\/p> <ul><\/ul><\/div>\n<form action=\"\/fr\/wp-json\/wp\/v2\/pages\/57618#wpcf7-f59566-o1\" method=\"post\" class=\"wpcf7-form init\" aria-label=\"Formulaire de contact\" novalidate=\"novalidate\" data-status=\"init\">\n<fieldset class=\"hidden-fields-container\"><input type=\"hidden\" name=\"_wpcf7\" value=\"59566\" \/><input type=\"hidden\" name=\"_wpcf7_version\" value=\"6.1.5\" \/><input type=\"hidden\" name=\"_wpcf7_locale\" value=\"fr_FR\" \/><input type=\"hidden\" name=\"_wpcf7_unit_tag\" value=\"wpcf7-f59566-o1\" \/><input type=\"hidden\" name=\"_wpcf7_container_post\" value=\"0\" \/><input type=\"hidden\" name=\"_wpcf7_posted_data_hash\" value=\"\" \/><input type=\"hidden\" name=\"_wpcf7_recaptcha_response\" value=\"\" \/>\n<\/fieldset>\n<div class=\"form-style-2\">\n\t<div class=\"columns_wrap margin-bottom\">\n\t\t<div class=\"column-1_1\">\n\t\t\t<p><span class=\"style-line\">[text* espace r\u00e9serv\u00e9 \u00e0 votre-nom \"Nom\"]<\/span>\n\t\t\t<\/p>\n\t\t<\/div>\n\t<\/div>\n\t<div class=\"columns_wrap margin-bottom\">\n\t\t<div class=\"column-1_2\">\n\t\t\t<p><span class=\"style-line\">[text* Votre-nom-r\u00e9serv\u00e9 \"Nom de famille\"]<\/span>\n\t\t\t<\/p>\n\t\t<\/div>\n\t<\/div>\n\t<div class=\"columns_wrap margin-bottom\">\n\t\t<div class=\"column-1_1\">\n\t\t\t<p><span class=\"style-line\">[email* Espace r\u00e9serv\u00e9 \u00e0 votre-e-mail \"Messagerie \u00e9lectronique\"]<\/span>\n\t\t\t<\/p>\n\t\t<\/div>\n\t<\/div>\n\t<div class=\"columns_wrap margin-bottom\">\n\t\t<div class=\"column-1_2\">\n\t\t\t<p><span class=\"style-line\">[WPMLCF7-4-TEL* Espace r\u00e9serv\u00e9 au t\u00e9l\u00e9phone]<br \/>\nCellulaire<br \/>\n[\/wpmlcf7-4-tel]<\/span>\n\t\t\t<\/p>\n\t\t<\/div>\n\t<\/div>\n\t<div class=\"columns_wrap margin-bottom\">\n\t\t<div class=\"column-1_1\">\n\t\t\t<p><span class=\"style-line\">[text* texte-400 espace r\u00e9serv\u00e9 \"Pays de r\u00e9sidence\"]<\/span>\n\t\t\t<\/p>\n\t\t<\/div>\n\t<\/div>\n\t<div class=\"columns_wrap margin-bottom\">\n\t\t<div class=\"column-1_1\">\n\t\t\t<p><span class=\"style-line\">[text* texte-400 espace r\u00e9serv\u00e9 \"Quel est votre principal motif de consultation ?\"]<\/span>\n\t\t\t<\/p>\n\t\t<\/div>\n\t<\/div>\n\t<div class=\"columns_wrap margin-bottom\">\n\t\t<div class=\"column-1_1\">\n\t\t\t<p><span class=\"style-line\">[text* texte-400 espace r\u00e9serv\u00e9 \"Depuis combien de temps essayez-vous de concevoir ?\"]<\/span>\n\t\t\t<\/p>\n\t\t<\/div>\n\t<\/div>\n\t<div class=\"columns_wrap margin-bottom\">\n\t\t<div class=\"column-1_1\">\n\t\t\t<p><span class=\"style-line\">[text* texte-400 espace r\u00e9serv\u00e9 \"Avez-vous d\u00e9j\u00e0 re\u00e7u des traitements ?\"]<\/span>\n\t\t\t<\/p>\n\t\t<\/div>\n\t<\/div>\n\t<div class=\"columns_wrap margin-bottom\">\n\t\t<div class=\"column-1_1\">\n\t\t\t<p><span class=\"style-line\">[textarea* Espace r\u00e9serv\u00e9 \u00e0 votre-message \"Message suppl\u00e9mentaire\"]<\/span>\n\t\t\t<\/p>\n\t\t<\/div>\n\t<\/div>\n\t<p><input class=\"wpcf7-form-control wpcf7-submit has-spinner\" type=\"submit\" value=\"Envoyer\" \/><span class=\"wpcf7-form-control-wrap\" data-name=\"acceptance\"><span class=\"wpcf7-form-control wpcf7-acceptance\"><span class=\"wpcf7-list-item\"><label><input type=\"checkbox\" name=\"acceptance\" value=\"1\" aria-invalid=\"false\" \/><span class=\"wpcf7-list-item-label\">J\u2019ai lu et j\u2019accepte la <a href=\"\/privacy-policy\/\">politique de confidentialit\u00e9<\/a>.<\/span><\/label><\/span><\/span><\/span>\n\t<\/p>\n<\/div><div class=\"wpcf7-response-output\" aria-hidden=\"true\"><\/div>\n<\/form>\n<\/div>\n\t\t\t\t<\/div>\n\t\t\t\t<\/div>\n\t\t\t\t<div class=\"elementor-element elementor-element-e381a47 sc_fly_static elementor-widget elementor-widget-html\" data-id=\"e381a47\" data-element_type=\"widget\" data-e-type=\"widget\" data-widget_type=\"html.default\">\n\t\t\t\t\t<script>document.addEventListener( 'wpcf7mailsent', function( event ) {\n      window.location.href = '\/thank-you-page\/'; \/\/ Cambia \"\/gracias\/\" por la URL de tu p\u00e1gina de agradecimiento\n  }, false );\n<\/script>\t\t\t\t<\/div>\n\t\t\t\t<\/div>\n\t\t\t\t<\/div>\n\t\t\t\t<section class=\"elementor-section elementor-top-section elementor-element elementor-element-882cf69 scheme_default elementor-section-full_width elementor-section-stretched elementor-section-height-default elementor-section-height-default sc_fly_static\" data-id=\"882cf69\" data-element_type=\"section\" data-e-type=\"section\" data-settings=\"{&quot;background_background&quot;:&quot;classic&quot;,&quot;stretch_section&quot;:&quot;section-stretched&quot;}\">\n\t\t\t\t\t\t<div class=\"elementor-container elementor-column-gap-extended\">\n\t\t\t\t\t<div class=\"elementor-column elementor-col-100 elementor-top-column elementor-element elementor-element-7a4c753 sc_content_align_inherit sc_layouts_column_icons_position_left sc_fly_static\" data-id=\"7a4c753\" data-element_type=\"column\" data-e-type=\"column\">\n\t\t\t<div class=\"elementor-widget-wrap elementor-element-populated\">\n\t\t\t\t\t\t<div class=\"elementor-element elementor-element-8e88f4f sc_fly_static elementor-widget elementor-widget-trx_sc_googlemap\" data-id=\"8e88f4f\" data-element_type=\"widget\" data-e-type=\"widget\" data-widget_type=\"trx_sc_googlemap.default\">\n\t\t\t\t<div class=\"elementor-widget-container\">\n\t\t\t\t\t<div id=\"sc_googlemap_308195968_wrap\" class=\"sc_googlemap_wrap\"><div id=\"sc_googlemap_308195968\"\t\t\tclass=\"sc_item_content sc_map sc_googlemap sc_googlemap_default trx_addons_inline_1507814037\"\n\t\t\t \t\t\tdata-zoom=\"12\"\n\t\t\tdata-center=\"51.499,-0.13\"\n\t\t\tdata-style=\"extra\"\n\t\t\tdata-map-id=\"https:\/\/maps.app.goo.gl\/PEQDdLcdvRbSJwgE9\"\n\t\t\tdata-cluster-icon=\"\"\n\t\t\t><iframe\n\t\t\t\t\t\tsrc=\"https:\/\/maps.google.com\/maps?t=m&output=embed&iwloc=near&z=12&q=Cl.+12+%2339-60%2C+El+Poblado%2C+Medell%C3%ADn%2C+El+Poblado%2C+Medell%C3%ADn%2C+Antioquia+\"\n\t\t\t\t\t\taria-label=\"Un\"><\/iframe><\/div><\/div>\t\t\t\t<\/div>\n\t\t\t\t<\/div>\n\t\t\t\t\t<\/div>\n\t\t<\/div>\n\t\t\t\t\t<\/div>\n\t\t<\/section>\n\t\t<div class=\"e-con-with-custom-width elementor-element elementor-element-29678ed e-con-full e-flex sc_layouts_column_icons_position_left e-con e-parent\" data-id=\"29678ed\" data-element_type=\"container\" data-e-type=\"container\" data-settings=\"{&quot;background_background&quot;:&quot;classic&quot;}\">\n\t\t\t\t<div class=\"elementor-element elementor-element-6532381 elementor-widget-mobile__width-initial sc_fly_static elementor-widget elementor-widget-trx_sc_title\" data-id=\"6532381\" data-element_type=\"widget\" data-e-type=\"widget\" data-widget_type=\"trx_sc_title.default\">\n\t\t\t\t<div class=\"elementor-widget-container\">\n\t\t\t\t\t<div\t\tclass=\"sc_title sc_title_default\" ><span class=\"sc_item_subtitle sc_title_subtitle sc_align_center sc_item_subtitle_above sc_item_title_style_default sc_item_subtitle_with_custom_color trx_addons_inline_1220167710\">Inser<\/span><h1 class=\"sc_item_title sc_title_title sc_align_center sc_item_title_style_default sc_item_title_tag trx_addons_inline_37843901\"\n\t\t\t><span class=\"sc_item_title_text\">Nous vous accompagnons \u00e0 chaque \u00e9tape du processus,<br><span style=\"color: #1AA6CE;\">Contactez-nous pour obtenir des conseils.<\/span><\/h1><\/div>\t\t\t\t<\/div>\n\t\t\t\t<\/div>\n\t\t\t\t<\/div>\n\t\t\t\t<\/div>\n\t\t","protected":false},"excerpt":{"rendered":"<p>\u00c0 l\u2019Inser Medell\u00edn, nous aidons les couples et les individus \u00e0 r\u00e9aliser leur r\u00eave de devenir parents. Notre clinique de fertilit\u00e9 dans la capitale d\u2019Antioquia offre une \u00e9quipe m\u00e9dicale hautement&hellip;<\/p>\n","protected":false},"author":1,"featured_media":0,"parent":57448,"menu_order":0,"comment_status":"closed","ping_status":"closed","template":"","meta":{"_acf_changed":false,"_joinchat":[],"footnotes":""},"class_list":["post-57618","page","type-page","status-publish","hentry"],"acf":[],"_links":{"self":[{"href":"https:\/\/www.inser.com.co\/fr\/wp-json\/wp\/v2\/pages\/57618","targetHints":{"allow":["GET"]}}],"collection":[{"href":"https:\/\/www.inser.com.co\/fr\/wp-json\/wp\/v2\/pages"}],"about":[{"href":"https:\/\/www.inser.com.co\/fr\/wp-json\/wp\/v2\/types\/page"}],"author":[{"embeddable":true,"href":"https:\/\/www.inser.com.co\/fr\/wp-json\/wp\/v2\/users\/1"}],"replies":[{"embeddable":true,"href":"https:\/\/www.inser.com.co\/fr\/wp-json\/wp\/v2\/comments?post=57618"}],"version-history":[{"count":0,"href":"https:\/\/www.inser.com.co\/fr\/wp-json\/wp\/v2\/pages\/57618\/revisions"}],"up":[{"embeddable":true,"href":"https:\/\/www.inser.com.co\/fr\/wp-json\/wp\/v2\/pages\/57448"}],"wp:attachment":[{"href":"https:\/\/www.inser.com.co\/fr\/wp-json\/wp\/v2\/media?parent=57618"}],"curies":[{"name":"wp","href":"https:\/\/api.w.org\/{rel}","templated":true}]}}