{"id":57695,"date":"2025-05-15T22:32:38","date_gmt":"2025-05-15T22:32:38","guid":{"rendered":"https:\/\/www.inser.com.co\/paiements-inser\/"},"modified":"2025-09-09T15:59:58","modified_gmt":"2025-09-09T15:59:58","slug":"paiements-inser","status":"publish","type":"page","link":"https:\/\/www.inser.com.co\/fr\/paiements-inser\/","title":{"rendered":"Paiements Inser"},"content":{"rendered":"\t\t<div data-elementor-type=\"wp-page\" data-elementor-id=\"57695\" class=\"elementor elementor-57695 elementor-39019\">\n\t\t\t\t\t\t<section class=\"elementor-section-with-custom-width elementor-section elementor-top-section elementor-element elementor-element-d716b73 elementor-section-boxed elementor-section-height-default elementor-section-height-default sc_fly_static\" data-id=\"d716b73\" data-element_type=\"section\" data-e-type=\"section\" data-settings=\"{&quot;background_background&quot;:&quot;classic&quot;}\">\n\t\t\t\t\t\t<div class=\"elementor-container elementor-column-gap-extended\">\n\t\t\t\t\t<div class=\"elementor-column elementor-col-50 elementor-top-column elementor-element elementor-element-d5ffaf8 sc_content_align_inherit sc_layouts_column_icons_position_left sc_fly_static\" data-id=\"d5ffaf8\" data-element_type=\"column\" data-e-type=\"column\">\n\t\t\t<div class=\"elementor-widget-wrap elementor-element-populated\">\n\t\t\t\t\t\t<div class=\"elementor-element elementor-element-a390a62 sc_fly_static elementor-widget elementor-widget-spacer\" data-id=\"a390a62\" data-element_type=\"widget\" data-e-type=\"widget\" data-widget_type=\"spacer.default\">\n\t\t\t\t\t\t\t<div class=\"elementor-spacer\">\n\t\t\t<div class=\"elementor-spacer-inner\"><\/div>\n\t\t<\/div>\n\t\t\t\t\t\t<\/div>\n\t\t\t\t<div class=\"elementor-element elementor-element-3e11de0 sc_fly_static elementor-widget elementor-widget-trx_sc_contact_form_7\" data-id=\"3e11de0\" data-element_type=\"widget\" data-e-type=\"widget\" data-widget_type=\"trx_sc_contact_form_7.default\">\n\t\t\t\t<div class=\"elementor-widget-container\">\n\t\t\t\t\t\n<div class=\"wpcf7 no-js\" id=\"wpcf7-f59564-o1\" lang=\"fr-FR\" dir=\"ltr\" data-wpcf7-id=\"59564\">\n<div class=\"screen-reader-response\"><p role=\"status\" aria-live=\"polite\" aria-atomic=\"true\"><\/p> <ul><\/ul><\/div>\n<form action=\"\/fr\/wp-json\/wp\/v2\/pages\/57695#wpcf7-f59564-o1\" method=\"post\" class=\"wpcf7-form init\" aria-label=\"Formulaire de contact\" novalidate=\"novalidate\" data-status=\"init\">\n<fieldset class=\"hidden-fields-container\"><input type=\"hidden\" name=\"_wpcf7\" value=\"59564\" \/><input type=\"hidden\" name=\"_wpcf7_version\" value=\"6.1.5\" \/><input type=\"hidden\" name=\"_wpcf7_locale\" value=\"fr_FR\" \/><input type=\"hidden\" name=\"_wpcf7_unit_tag\" value=\"wpcf7-f59564-o1\" \/><input type=\"hidden\" name=\"_wpcf7_container_post\" value=\"0\" \/><input type=\"hidden\" name=\"_wpcf7_posted_data_hash\" value=\"\" \/><input type=\"hidden\" name=\"_wpcf7_recaptcha_response\" value=\"\" \/>\n<\/fieldset>\n<div class=\"form-style-4\">\n\t<div class=\"columns_wrap margin-bottom\">\n\t\t<div class=\"column-1_1\">\n\t\t\t<p><strong>S\u00e9lectionnez une option pour votre paiement<\/strong>\n\t\t\t<\/p>\n\t\t<\/div>\n\t<\/div>\n\t<div class=\"columns_wrap margin-bottom\">\n\t\t<div class=\"column-1_1\">\n\t\t\t<p><span class=\"style-icon icon-textarea\"><span class=\"wpcf7-form-control-wrap\" data-name=\"select-701\"><select class=\"wpcf7-form-control wpcf7-select wpcf7-validates-as-required\" aria-required=\"true\" aria-invalid=\"false\" name=\"select-701\"><option value=\"CHOISIR UNE OPTION\">CHOISIR UNE OPTION<\/option><option value=\"INSER MEDELL\u00cdN\">INSER MEDELL\u00cdN<\/option><option value=\"INSER BOGOT\u00c1\">INSER BOGOT\u00c1<\/option><option value=\"INSER BARRANQUILLA\">INSER BARRANQUILLA<\/option><option value=\"INSER EJE CAFETERO - PEREIRA\">INSER EJE CAFETERO - PEREIRA<\/option><option value=\"INSER CARTAGENA\">INSER CARTAGENA<\/option><\/select><\/span><\/span>\n\t\t\t<\/p>\n\t\t<\/div>\n\t<\/div>\n\t<p><span class=\"wpcf7-form-control-wrap\" data-name=\"acceptance\"><span class=\"wpcf7-form-control wpcf7-acceptance\"><span class=\"wpcf7-list-item\"><label><input type=\"checkbox\" name=\"acceptance\" value=\"1\" aria-invalid=\"false\" \/><span class=\"wpcf7-list-item-label\">J\u2019ai lu et j\u2019accepte la politique de \n<a href=\"\/transparencia-y-regulacion\/\" target=\"_blank\" rel=\"noopener noreferrer\">confidentialit\u00e9.<\/a><\/span><\/label><\/span><\/span><\/span><br \/>\n<input class=\"wpcf7-form-control wpcf7-submit has-spinner\" type=\"submit\" value=\"Payer\" \/>\n\t<\/p>\n<\/div><div class=\"wpcf7-response-output\" aria-hidden=\"true\"><\/div>\n<\/form>\n<\/div>\n\t\t\t\t<\/div>\n\t\t\t\t<\/div>\n\t\t\t\t\t<\/div>\n\t\t<\/div>\n\t\t\t\t<div class=\"elementor-column elementor-col-50 elementor-top-column elementor-element elementor-element-4d3f120 sc_column_fixed sc_content_align_inherit sc_layouts_column_icons_position_left sc_fly_static\" data-id=\"4d3f120\" data-element_type=\"column\" data-e-type=\"column\">\n\t\t\t<div class=\"elementor-widget-wrap elementor-element-populated\">\n\t\t\t\t\t\t<div class=\"elementor-element elementor-element-72d00bd sc_layouts_hide_on_mobile sc_fly_static elementor-widget elementor-widget-spacer\" data-id=\"72d00bd\" data-element_type=\"widget\" data-e-type=\"widget\" data-widget_type=\"spacer.default\">\n\t\t\t\t\t\t\t<div class=\"elementor-spacer\">\n\t\t\t<div class=\"elementor-spacer-inner\"><\/div>\n\t\t<\/div>\n\t\t\t\t\t\t<\/div>\n\t\t\t\t<div class=\"elementor-element elementor-element-61bfc4b sc_fly_static elementor-widget elementor-widget-trx_sc_title\" data-id=\"61bfc4b\" data-element_type=\"widget\" data-e-type=\"widget\" data-widget_type=\"trx_sc_title.default\">\n\t\t\t\t<div class=\"elementor-widget-container\">\n\t\t\t\t\t<div\t\tclass=\"sc_title sc_title_default\" ><h1 class=\"sc_item_title sc_title_title sc_item_title_style_default sc_item_title_tag\"\n\t\t\t><span class=\"sc_item_title_text\">Effectuez votre paiement <span style=\"color: #00a6ce;\"><br>en ligne!<\/span><\/span><\/h1><\/div>\t\t\t\t<\/div>\n\t\t\t\t<\/div>\n\t\t\t\t<div class=\"elementor-element elementor-element-2984860 sc_layouts_hide_on_mobile sc_fly_static elementor-widget elementor-widget-spacer\" data-id=\"2984860\" data-element_type=\"widget\" data-e-type=\"widget\" data-widget_type=\"spacer.default\">\n\t\t\t\t\t\t\t<div class=\"elementor-spacer\">\n\t\t\t<div class=\"elementor-spacer-inner\"><\/div>\n\t\t<\/div>\n\t\t\t\t\t\t<\/div>\n\t\t\t\t<div class=\"elementor-element elementor-element-4b566ff sc_fly_static elementor-widget elementor-widget-trx_sc_button\" data-id=\"4b566ff\" data-element_type=\"widget\" data-e-type=\"widget\" data-widget_type=\"trx_sc_button.default\">\n\t\t\t\t<div class=\"elementor-widget-container\">\n\t\t\t\t\t<div\tclass=\"sc_item_button sc_button_wrap sc_button_multiple\" ><a href=\"https:\/\/https:\/\/inser.com.co\/.https:\/\/inser.com.co\/\/wp-content\/uploads\/2025\/06\/Pasoa-paso-pago-con-cuenta-ah-o-cte-Espanol.pdf\" class=\"sc_button sc_button_veil sc_button_multiple_item sc_button_size_normal sc_button_icon_left\" target=\"_blank\" ><span class=\"sc_button_text\"><span class=\"sc_button_title\">Paiement \u00e9tape par \u00e9tape avec compte bancaire<\/span><\/span><\/a><a href=\"https:\/\/https:\/\/inser.com.co\/.https:\/\/inser.com.co\/\/wp-content\/uploads\/2025\/06\/Paso-a-paso-pago-con-tarjeta-de-credito-Espanol.pdf\" class=\"sc_button sc_button_default sc_button_multiple_item sc_button_size_normal sc_button_icon_left\" target=\"_blank\" ><span class=\"sc_button_text\"><span class=\"sc_button_title\">Paiement \u00e9tape par \u00e9tape par carte de cr\u00e9dit<\/span><\/span><\/a><\/div>\t\t\t\t<\/div>\n\t\t\t\t<\/div>\n\t\t\t\t\t<\/div>\n\t\t<\/div>\n\t\t\t\t\t<\/div>\n\t\t<\/section>\n\t\t\t\t<section class=\"elementor-section-with-custom-width elementor-section elementor-top-section elementor-element elementor-element-0f7c579 elementor-section-boxed elementor-section-height-default elementor-section-height-default sc_fly_static\" data-id=\"0f7c579\" data-element_type=\"section\" data-e-type=\"section\">\n\t\t\t\t\t\t<div class=\"elementor-container elementor-column-gap-extended\">\n\t\t\t\t\t<div class=\"elementor-column elementor-col-50 elementor-top-column elementor-element elementor-element-b102ed5 sc_column_fixed sc_content_align_inherit sc_layouts_column_icons_position_left sc_fly_static\" data-id=\"b102ed5\" data-element_type=\"column\" data-e-type=\"column\">\n\t\t\t<div class=\"elementor-widget-wrap elementor-element-populated\">\n\t\t\t\t\t\t<div class=\"elementor-element elementor-element-be54e80 sc_layouts_hide_on_mobile sc_fly_static elementor-widget elementor-widget-spacer\" data-id=\"be54e80\" data-element_type=\"widget\" data-e-type=\"widget\" data-widget_type=\"spacer.default\">\n\t\t\t\t\t\t\t<div class=\"elementor-spacer\">\n\t\t\t<div class=\"elementor-spacer-inner\"><\/div>\n\t\t<\/div>\n\t\t\t\t\t\t<\/div>\n\t\t\t\t<div class=\"elementor-element elementor-element-84874f1 sc_fly_static elementor-widget elementor-widget-trx_sc_title\" data-id=\"84874f1\" data-element_type=\"widget\" data-e-type=\"widget\" data-widget_type=\"trx_sc_title.default\">\n\t\t\t\t<div class=\"elementor-widget-container\">\n\t\t\t\t\t<div\t\tclass=\"sc_title sc_title_default\" ><span class=\"sc_item_subtitle sc_title_subtitle sc_item_subtitle_above sc_item_title_style_default\">\u00c0 Inser<\/span><h1 class=\"sc_item_title sc_title_title sc_item_title_style_default sc_item_title_tag\"\n\t\t\t><span class=\"sc_item_title_text\">Nous pensons \u00e0 votre confort et \u00e0 votre <span style=\"color: #00a6ce\">facilit\u00e9<\/span><\/h1><div class=\"sc_item_descr sc_title_descr\"><p>Nous disposons de plateformes de paiement en ligne qui vous permettront de payer la valeur de vos consultations, traitements et m\u00e9dicaments, sans avoir \u00e0 vous rendre dans une banque ou \u00e0 notre si\u00e8ge.<\/p>\n<\/div><\/div>\t\t\t\t<\/div>\n\t\t\t\t<\/div>\n\t\t\t\t\t<\/div>\n\t\t<\/div>\n\t\t\t\t<div class=\"elementor-column elementor-col-50 elementor-top-column elementor-element elementor-element-0e18846 sc_content_align_inherit sc_layouts_column_icons_position_left sc_fly_static\" data-id=\"0e18846\" data-element_type=\"column\" data-e-type=\"column\">\n\t\t\t<div class=\"elementor-widget-wrap elementor-element-populated\">\n\t\t\t\t\t\t<div class=\"elementor-element elementor-element-677e61d sc_fly_static elementor-widget elementor-widget-spacer\" data-id=\"677e61d\" data-element_type=\"widget\" data-e-type=\"widget\" data-widget_type=\"spacer.default\">\n\t\t\t\t\t\t\t<div class=\"elementor-spacer\">\n\t\t\t<div class=\"elementor-spacer-inner\"><\/div>\n\t\t<\/div>\n\t\t\t\t\t\t<\/div>\n\t\t\t\t<div class=\"elementor-element elementor-element-0b684ac elementor-widget-divider--view-line sc_fly_static elementor-widget elementor-widget-divider\" data-id=\"0b684ac\" data-element_type=\"widget\" data-e-type=\"widget\" data-widget_type=\"divider.default\">\n\t\t\t\t\t\t\t<div class=\"elementor-divider\">\n\t\t\t<span class=\"elementor-divider-separator\">\n\t\t\t\t\t\t<\/span>\n\t\t<\/div>\n\t\t\t\t\t\t<\/div>\n\t\t\t\t<div class=\"elementor-element elementor-element-90b825f sc_fly_static elementor-widget elementor-widget-toggle\" data-id=\"90b825f\" data-element_type=\"widget\" data-e-type=\"widget\" data-widget_type=\"toggle.default\">\n\t\t\t\t\t\t\t<div class=\"elementor-toggle\">\n\t\t\t\t\t\t\t<div class=\"elementor-toggle-item\">\n\t\t\t\t\t<h5 id=\"elementor-tab-title-1511\" class=\"elementor-tab-title\" data-tab=\"1\" role=\"button\" aria-controls=\"elementor-tab-content-1511\" aria-expanded=\"false\">\n\t\t\t\t\t\t\t\t\t\t\t\t<span class=\"elementor-toggle-icon elementor-toggle-icon-right\" aria-hidden=\"true\">\n\t\t\t\t\t\t\t\t\t\t\t\t\t\t\t<span class=\"elementor-toggle-icon-closed\"><svg xmlns=\"http:\/\/www.w3.org\/2000\/svg\" xmlns:xlink=\"http:\/\/www.w3.org\/1999\/xlink\" x=\"0px\" y=\"0px\" viewBox=\"0 0 14.6 14.5\" style=\"enable-background:new 0 0 14.6 14.5;\" xml:space=\"preserve\"><path d=\"M12.2,7.3l-7.1,7.1c-0.3,0.3-0.8,0.3-1.1,0c0,0,0,0,0,0c-0.3-0.3-0.3-0.8,0-1.1 c0,0,0,0,0,0l6-6l-6-6C3.8,0.9,3.8,0.5,4,0.2c0,0,0,0,0,0c0.3-0.3,0.8-0.3,1.1,0c0,0,0,0,0,0L12.2,7.3z\"><\/path><\/svg><\/span>\n\t\t\t\t\t\t\t\t<span class=\"elementor-toggle-icon-opened\"><svg xmlns=\"http:\/\/www.w3.org\/2000\/svg\" xmlns:xlink=\"http:\/\/www.w3.org\/1999\/xlink\" x=\"0px\" y=\"0px\" viewBox=\"0 0 14.6 14.5\" style=\"enable-background:new 0 0 14.6 14.5;\" xml:space=\"preserve\"><path d=\"M7.3,11.6L0.2,4.5c-0.3-0.3-0.3-0.8,0-1.1c0,0,0,0,0,0c0.3-0.3,0.8-0.3,1.1,0 c0,0,0,0,0,0l6,6l6-6c0.3-0.3,0.8-0.3,1.1,0c0,0,0,0,0,0c0.3,0.3,0.3,0.8,0,1.1c0,0,0,0,0,0L7.3,11.6z\"><\/path><\/svg><\/span>\n\t\t\t\t\t\t\t\t\t\t\t\t\t<\/span>\n\t\t\t\t\t\t\t\t\t\t\t\t<a class=\"elementor-toggle-title\" tabindex=\"0\">Que devez-vous prendre en compte si vous effectuez votre paiement depuis la Colombie ?<\/a>\n\t\t\t\t\t<\/h5>\n\n\t\t\t\t\t<div id=\"elementor-tab-content-1511\" class=\"elementor-tab-content elementor-clearfix\" data-tab=\"1\" role=\"region\" aria-labelledby=\"elementor-tab-title-1511\"><p><strong>1.<\/strong> Le paiement sera effectu\u00e9 via PSE, vous devez donc \u00eatre inscrit sur la plateforme. Si vous ne l\u2019\u00eates pas d\u00e9j\u00e0, vous pouvez le faire <a href=\"https:\/\/registro.pse.com.co\/PSEUserRegister\/\" target=\"_blank\" rel=\"nofollow noopener\">ici<\/a> <\/p>\n<p><strong>2. <\/strong>S\u00e9lectionnez d\u2019abord le bureau INSER o\u00f9 vous consultez et effectuez le paiement dans le bouton ci-dessous. *Si votre rendez-vous est \u00e0 Manizales, veuillez s\u00e9lectionner INSER Eje Cafetero. <\/p>\n<p><strong>3. <\/strong>Lors de l\u2019entr\u00e9e sur la plateforme de paiement, veuillez remplir les informations demand\u00e9es. Dans les domaines CONCEPT, VALEUR \u00c0 PAYER et SP\u00c9CIALISTE, veuillez prendre en compte les informations partag\u00e9es par notre personnel. <\/p>\n<p><strong>4. <\/strong>\u00c0 la fin du processus, veuillez prendre une capture d\u2019\u00e9cran de l\u2019approbation du paiement (il peut s\u2019agir de l\u2019e-mail de notification ou du site Web de la banque) et l\u2019envoyer \u00e0 notre personnel. Cette \u00e9tape est essentielle pour confirmer le d\u00e9p\u00f4t d\u2019argent. <\/p>\n<\/div>\n\t\t\t\t<\/div>\n\t\t\t\t\t\t\t<div class=\"elementor-toggle-item\">\n\t\t\t\t\t<h5 id=\"elementor-tab-title-1512\" class=\"elementor-tab-title\" data-tab=\"2\" role=\"button\" aria-controls=\"elementor-tab-content-1512\" aria-expanded=\"false\">\n\t\t\t\t\t\t\t\t\t\t\t\t<span class=\"elementor-toggle-icon elementor-toggle-icon-right\" aria-hidden=\"true\">\n\t\t\t\t\t\t\t\t\t\t\t\t\t\t\t<span class=\"elementor-toggle-icon-closed\"><svg xmlns=\"http:\/\/www.w3.org\/2000\/svg\" xmlns:xlink=\"http:\/\/www.w3.org\/1999\/xlink\" x=\"0px\" y=\"0px\" viewBox=\"0 0 14.6 14.5\" style=\"enable-background:new 0 0 14.6 14.5;\" xml:space=\"preserve\"><path d=\"M12.2,7.3l-7.1,7.1c-0.3,0.3-0.8,0.3-1.1,0c0,0,0,0,0,0c-0.3-0.3-0.3-0.8,0-1.1 c0,0,0,0,0,0l6-6l-6-6C3.8,0.9,3.8,0.5,4,0.2c0,0,0,0,0,0c0.3-0.3,0.8-0.3,1.1,0c0,0,0,0,0,0L12.2,7.3z\"><\/path><\/svg><\/span>\n\t\t\t\t\t\t\t\t<span class=\"elementor-toggle-icon-opened\"><svg xmlns=\"http:\/\/www.w3.org\/2000\/svg\" xmlns:xlink=\"http:\/\/www.w3.org\/1999\/xlink\" x=\"0px\" y=\"0px\" viewBox=\"0 0 14.6 14.5\" style=\"enable-background:new 0 0 14.6 14.5;\" xml:space=\"preserve\"><path d=\"M7.3,11.6L0.2,4.5c-0.3-0.3-0.3-0.8,0-1.1c0,0,0,0,0,0c0.3-0.3,0.8-0.3,1.1,0 c0,0,0,0,0,0l6,6l6-6c0.3-0.3,0.8-0.3,1.1,0c0,0,0,0,0,0c0.3,0.3,0.3,0.8,0,1.1c0,0,0,0,0,0L7.3,11.6z\"><\/path><\/svg><\/span>\n\t\t\t\t\t\t\t\t\t\t\t\t\t<\/span>\n\t\t\t\t\t\t\t\t\t\t\t\t<a class=\"elementor-toggle-title\" tabindex=\"0\">Que devez-vous prendre en compte si vous effectuez votre paiement depuis l\u2019\u00e9tranger (en dehors de la Colombie) ?<\/a>\n\t\t\t\t\t<\/h5>\n\n\t\t\t\t\t<div id=\"elementor-tab-content-1512\" class=\"elementor-tab-content elementor-clearfix\" data-tab=\"2\" role=\"region\" aria-labelledby=\"elementor-tab-title-1512\"><p>Si vous \u00eates un patient international (vous vivez en dehors de la Colombie), tenez compte des aspects suivants avant votre paiement :<\/p>\n<p><strong>1.<\/strong> Contactez votre banque pour conna\u00eetre le taux repr\u00e9sentatif du march\u00e9 (TRM) avec lequel la conversion sera effectu\u00e9e dans la devise du pays de r\u00e9sidence. Cela d\u00e9finira la valeur totale de l\u2019achat. <\/p>\n<p><strong>2.<\/strong> Avant d\u2019effectuer un achat \u00e0 l\u2019ext\u00e9rieur du pays ou en ligne, contactez la banque pour conna\u00eetre les taux, les frais et autres frais suppl\u00e9mentaires.<\/p>\n<p><strong>3.<\/strong> Il est recommand\u00e9 qu\u2019avant d\u2019effectuer des paiements en ligne avec votre compte d\u2019\u00e9pargne, votre compte courant ou votre compte de carte de cr\u00e9dit, vous v\u00e9rifiiez aupr\u00e8s de votre banque les conditions et les exigences. Gardez \u00e0 l\u2019esprit qu\u2019en payant via PSE, vous \u00e9viterez les frais d\u2019\u00e9mission de ch\u00e8ques de banque. <\/p>\n<p><strong>4.<\/strong> Si vous comptez effectuer votre paiement par virement international, gardez \u00e0 l\u2019esprit que ces transactions sont irr\u00e9versibles. Veuillez v\u00e9rifier toutes les informations avant de finaliser le processus. N\u2019oubliez pas de contacter votre banque pour conna\u00eetre les frais et frais associ\u00e9s aux virements internationaux afin de garantir le montant total du virement.  <\/p>\n<p><strong>5.<\/strong> N\u2019oubliez pas d\u2019informer votre banque que vous allez voyager \u00e0 l\u2019\u00e9tranger afin qu\u2019elle puisse autoriser vos paiements par carte.<\/p>\n<\/div>\n\t\t\t\t<\/div>\n\t\t\t\t\t\t\t<div class=\"elementor-toggle-item\">\n\t\t\t\t\t<h5 id=\"elementor-tab-title-1513\" class=\"elementor-tab-title\" data-tab=\"3\" role=\"button\" aria-controls=\"elementor-tab-content-1513\" aria-expanded=\"false\">\n\t\t\t\t\t\t\t\t\t\t\t\t<span class=\"elementor-toggle-icon elementor-toggle-icon-right\" aria-hidden=\"true\">\n\t\t\t\t\t\t\t\t\t\t\t\t\t\t\t<span class=\"elementor-toggle-icon-closed\"><svg xmlns=\"http:\/\/www.w3.org\/2000\/svg\" xmlns:xlink=\"http:\/\/www.w3.org\/1999\/xlink\" x=\"0px\" y=\"0px\" viewBox=\"0 0 14.6 14.5\" style=\"enable-background:new 0 0 14.6 14.5;\" xml:space=\"preserve\"><path d=\"M12.2,7.3l-7.1,7.1c-0.3,0.3-0.8,0.3-1.1,0c0,0,0,0,0,0c-0.3-0.3-0.3-0.8,0-1.1 c0,0,0,0,0,0l6-6l-6-6C3.8,0.9,3.8,0.5,4,0.2c0,0,0,0,0,0c0.3-0.3,0.8-0.3,1.1,0c0,0,0,0,0,0L12.2,7.3z\"><\/path><\/svg><\/span>\n\t\t\t\t\t\t\t\t<span class=\"elementor-toggle-icon-opened\"><svg xmlns=\"http:\/\/www.w3.org\/2000\/svg\" xmlns:xlink=\"http:\/\/www.w3.org\/1999\/xlink\" x=\"0px\" y=\"0px\" viewBox=\"0 0 14.6 14.5\" style=\"enable-background:new 0 0 14.6 14.5;\" xml:space=\"preserve\"><path d=\"M7.3,11.6L0.2,4.5c-0.3-0.3-0.3-0.8,0-1.1c0,0,0,0,0,0c0.3-0.3,0.8-0.3,1.1,0 c0,0,0,0,0,0l6,6l6-6c0.3-0.3,0.8-0.3,1.1,0c0,0,0,0,0,0c0.3,0.3,0.3,0.8,0,1.1c0,0,0,0,0,0L7.3,11.6z\"><\/path><\/svg><\/span>\n\t\t\t\t\t\t\t\t\t\t\t\t\t<\/span>\n\t\t\t\t\t\t\t\t\t\t\t\t<a class=\"elementor-toggle-title\" tabindex=\"0\">Avant d\u2019effectuer des paiements \u00e0 l\u2019aide du Service de paiement en ligne (PSE), gardez \u00e0 l\u2019esprit que :<\/a>\n\t\t\t\t\t<\/h5>\n\n\t\t\t\t\t<div id=\"elementor-tab-content-1513\" class=\"elementor-tab-content elementor-clearfix\" data-tab=\"3\" role=\"region\" aria-labelledby=\"elementor-tab-title-1513\"><p><strong>1.<\/strong> Effectuez toujours vos paiements en ligne sur des ordinateurs s\u00e9curis\u00e9s, comme votre ordinateur personnel \u00e0 la maison ou au bureau.<\/p>\n<p><strong>2.<\/strong> \u00c9vitez d\u2019utiliser vos mots de passe bancaires dans des lieux publics tels que les cybercaf\u00e9s ou les ordinateurs avec des sessions partag\u00e9es.<\/p>\n<p><strong>3.<\/strong> Si vous d\u00e9cidez de poursuivre ce processus, vous certifiez que vous respectez les conditions et recommandations mentionn\u00e9es ci-dessus.<\/p>\n<p><strong>4.<\/strong> Le Groupe INSER ne sera pas responsable de l\u2019utilisation inappropri\u00e9e de ce service, laissant la confidentialit\u00e9 de leurs mots de passe ou autres informations d\u2019identification accord\u00e9es par les banques pour les transactions en ligne sous la responsabilit\u00e9 de l\u2019utilisateur.<\/p>\n<\/div>\n\t\t\t\t<\/div>\n\t\t\t\t\t\t\t\t<\/div>\n\t\t\t\t\t\t<\/div>\n\t\t\t\t\t<\/div>\n\t\t<\/div>\n\t\t\t\t\t<\/div>\n\t\t<\/section>\n\t\t\t\t<\/div>\n\t\t","protected":false},"excerpt":{"rendered":"<p>Selecciona una opci\u00f3n para tu pago ELIGE UNA OPCI\u00d3NINSER MEDELL\u00cdNINSER BOGOT\u00c1INSER BARRANQUILLAINSER EJE CAFETERO &#8211; PEREIRAINSER CARTAGENA He le\u00eddo y acepto la Pol\u00edtica de privacidad. Effectuez votre paiement en ligne!&hellip;<\/p>\n","protected":false},"author":1,"featured_media":0,"parent":0,"menu_order":0,"comment_status":"closed","ping_status":"closed","template":"","meta":{"_acf_changed":false,"_joinchat":[],"footnotes":""},"class_list":["post-57695","page","type-page","status-publish","hentry"],"acf":[],"_links":{"self":[{"href":"https:\/\/www.inser.com.co\/fr\/wp-json\/wp\/v2\/pages\/57695","targetHints":{"allow":["GET"]}}],"collection":[{"href":"https:\/\/www.inser.com.co\/fr\/wp-json\/wp\/v2\/pages"}],"about":[{"href":"https:\/\/www.inser.com.co\/fr\/wp-json\/wp\/v2\/types\/page"}],"author":[{"embeddable":true,"href":"https:\/\/www.inser.com.co\/fr\/wp-json\/wp\/v2\/users\/1"}],"replies":[{"embeddable":true,"href":"https:\/\/www.inser.com.co\/fr\/wp-json\/wp\/v2\/comments?post=57695"}],"version-history":[{"count":0,"href":"https:\/\/www.inser.com.co\/fr\/wp-json\/wp\/v2\/pages\/57695\/revisions"}],"wp:attachment":[{"href":"https:\/\/www.inser.com.co\/fr\/wp-json\/wp\/v2\/media?parent=57695"}],"curies":[{"name":"wp","href":"https:\/\/api.w.org\/{rel}","templated":true}]}}